{"id":5431,"date":"2026-01-17T15:47:18","date_gmt":"2026-01-17T15:47:18","guid":{"rendered":"https:\/\/mondemachines.com\/?post_type=product&#038;p=5431"},"modified":"2026-04-15T10:29:09","modified_gmt":"2026-04-15T10:29:09","slug":"knaus-sportfun-480-ql-edition-noire","status":"publish","type":"product","link":"https:\/\/mondemachines.com\/index.php\/product\/knaus-sportfun-480-ql-edition-noire\/","title":{"rendered":"Knaus SPORT&#038;FUN 480 QL \u00c9DITION NOIRE"},"content":{"rendered":"<h5>\u00c9quipements et options<\/h5>\n<p>Capacit\u00e9 accrue \u00e0 1600 kg<br \/>\nPorte-bagages moto au-dessus de l&#8217;essieu (1 pi\u00e8ce)<br \/>\nrampe<br \/>\n\u0153illets d&#8217;ancrage<br \/>\npanier amovible<br \/>\nSyst\u00e8me de douche Sport&amp;Fun<br \/>\nStore v\u00e9nitien blanc 305 x 250 cm<\/p>\n<h3><span dir=\"auto\">Fiche technique<\/span><\/h3>\n<table data-jsonadm-table=\"archivio\" data-jsonadm-idrec=\"22890\" data-jsonadm-col=\"jSonInfo\" data-jsonadm-nodo=\"Scheda_tecnica\" data-jsonadm-defkeys=\"Marca;Mod.ello;Anno;Lunghezza mt.;Motorizzazione;Potenza;Posti\" data-jsonadm-defvalues=\"scrivi qui;scrivi qui;scrivi. qui;scrivi qui;scrivi qui;scrivi qui;scrivi qui\">\n<tbody>\n<tr class=\"rt\" data-jsonadm-box=\"1\">\n<td><span data-jsonadm=\"true\" data-jsonadm-iskey=\"1\" data-jsonadm-key=\"Marca\"><span dir=\"auto\">Marque<\/span><\/span><\/td>\n<td><span data-jsonadm=\"true\" data-jsonadm-isval=\"1\" data-jsonadm-key=\"Marca\"><span dir=\"auto\">Knaus<\/span><\/span><\/td>\n<\/tr>\n<tr class=\"rt\" data-jsonadm-box=\"1\">\n<td><span data-jsonadm=\"true\" data-jsonadm-iskey=\"1\" data-jsonadm-key=\"Modello\"><span dir=\"auto\">Mod\u00e8le<\/span><\/span><\/td>\n<td><span data-jsonadm=\"true\" data-jsonadm-isval=\"1\" data-jsonadm-key=\"Modello\"><span dir=\"auto\">\u00c9dition Sport&amp;Fun Noire<\/span><\/span><\/td>\n<\/tr>\n<tr class=\"rt\" data-jsonadm-box=\"1\">\n<td><span data-jsonadm=\"true\" data-jsonadm-iskey=\"1\" data-jsonadm-key=\"Anno\"><span dir=\"auto\">Ann\u00e9e<\/span><\/span><\/td>\n<td><span data-jsonadm=\"true\" data-jsonadm-isval=\"1\" data-jsonadm-key=\"Anno\"><span dir=\"auto\">nouveau<\/span><\/span><\/td>\n<\/tr>\n<tr class=\"rt\" data-jsonadm-box=\"1\">\n<td><span data-jsonadm=\"true\" data-jsonadm-iskey=\"1\" data-jsonadm-key=\"Lunghezza utile cm\"><span dir=\"auto\">Longueur utile cm<\/span><\/span><\/td>\n<td><span data-jsonadm=\"true\" data-jsonadm-isval=\"1\" data-jsonadm-key=\"Lunghezza utile cm\"><span dir=\"auto\">480<\/span><\/span><\/td>\n<\/tr>\n<tr class=\"rt\" data-jsonadm-box=\"1\">\n<td><span data-jsonadm=\"true\" data-jsonadm-iskey=\"1\" data-jsonadm-key=\"Lunghezza complessiva cm\"><span dir=\"auto\">Longueur totale cm<\/span><\/span><\/td>\n<td><span data-jsonadm=\"true\" data-jsonadm-isval=\"1\" data-jsonadm-key=\"Lunghezza complessiva cm\"><span dir=\"auto\">625<\/span><\/span><\/td>\n<\/tr>\n<tr class=\"rt\" data-jsonadm-box=\"1\">\n<td><span data-jsonadm=\"true\" data-jsonadm-iskey=\"1\" data-jsonadm-key=\"larghezza esterna cm\"><span dir=\"auto\">largeur ext\u00e9rieure cm<\/span><\/span><\/td>\n<td><span data-jsonadm=\"true\" data-jsonadm-isval=\"1\" data-jsonadm-key=\"larghezza esterna cm\"><span dir=\"auto\">232<\/span><\/span><\/td>\n<\/tr>\n<tr class=\"rt\" data-jsonadm-box=\"1\">\n<td><span data-jsonadm=\"true\" data-jsonadm-iskey=\"1\" data-jsonadm-key=\"peso a pieno carico kg\"><span dir=\"auto\">poids total en charge kg<\/span><\/span><\/td>\n<td><span data-jsonadm=\"true\" data-jsonadm-isval=\"1\" data-jsonadm-key=\"peso a pieno carico kg\"><span dir=\"auto\">1600<\/span><\/span><\/td>\n<\/tr>\n<tr class=\"rt\" data-jsonadm-box=\"1\">\n<td><span data-jsonadm=\"true\" data-jsonadm-iskey=\"1\" data-jsonadm-key=\"spessore tetto mm\"><span dir=\"auto\">\u00e9paisseur du toit mm<\/span><\/span><\/td>\n<td><span data-jsonadm=\"true\" data-jsonadm-isval=\"1\" data-jsonadm-key=\"spessore tetto mm\"><span dir=\"auto\">31<\/span><\/span><\/td>\n<\/tr>\n<tr class=\"rt\" data-jsonadm-box=\"1\">\n<td><span data-jsonadm=\"true\" data-jsonadm-iskey=\"1\" data-jsonadm-key=\"spessore pareti mm\"><span dir=\"auto\">\u00e9paisseur de paroi mm<\/span><\/span><\/td>\n<td><span data-jsonadm=\"true\" data-jsonadm-isval=\"1\" data-jsonadm-key=\"spessore pareti mm\"><span dir=\"auto\">31<\/span><\/span><\/td>\n<\/tr>\n<tr class=\"rt\" data-jsonadm-box=\"1\">\n<td><span data-jsonadm=\"true\" data-jsonadm-iskey=\"1\" data-jsonadm-key=\"spessore pavimento mm\"><span dir=\"auto\">\u00e9paisseur du plancher mm<\/span><\/span><\/td>\n<td><span data-jsonadm=\"true\" data-jsonadm-isval=\"1\" data-jsonadm-key=\"spessore pavimento mm\"><span dir=\"auto\">38<\/span><\/span><\/td>\n<\/tr>\n<tr class=\"rt\" data-jsonadm-box=\"1\">\n<td><span data-jsonadm=\"true\" data-jsonadm-iskey=\"1\" data-jsonadm-key=\"telaio AL-KO \"><span dir=\"auto\">Cadre AL-KO<\/span><\/span><\/td>\n<td><span data-jsonadm=\"true\" data-jsonadm-isval=\"1\" data-jsonadm-key=\"telaio AL-KO \"><span dir=\"auto\">Divers X<\/span><\/span><\/td>\n<\/tr>\n<tr class=\"rt\" data-jsonadm-box=\"1\">\n<td><span data-jsonadm=\"true\" data-jsonadm-iskey=\"1\" data-jsonadm-key=\"cerchi in lega da \"><span dir=\"auto\">jantes en alliage de<\/span><\/span><\/td>\n<td><span data-jsonadm=\"true\" data-jsonadm-isval=\"1\" data-jsonadm-key=\"cerchi in lega da \"><span dir=\"auto\">17&#8243;<\/span><\/span><\/td>\n<\/tr>\n<tr class=\"rt\" data-jsonadm-box=\"1\">\n<td><span data-jsonadm=\"true\" data-jsonadm-iskey=\"1\" data-jsonadm-key=\"piedini di stazionamento \"><span dir=\"auto\">pieds de stationnement<\/span><\/span><\/td>\n<td><span data-jsonadm=\"true\" data-jsonadm-isval=\"1\" data-jsonadm-key=\"piedini di stazionamento \"><span dir=\"auto\">AL-KO renforc\u00e9<\/span><\/span><\/td>\n<\/tr>\n<tr class=\"rt\" data-jsonadm-box=\"1\">\n<td><span data-jsonadm=\"true\" data-jsonadm-iskey=\"1\" data-jsonadm-key=\"Portapacchi per tetto \"><span dir=\"auto\">barres de toit<\/span><\/span><\/td>\n<td><span data-jsonadm=\"true\" data-jsonadm-isval=\"1\" data-jsonadm-key=\"Portapacchi per tetto \"><span dir=\"auto\">couleur noire<\/span><\/span><\/td>\n<\/tr>\n<tr class=\"rt\" data-jsonadm-box=\"1\">\n<td><span data-jsonadm=\"true\" data-jsonadm-iskey=\"1\" data-jsonadm-key=\"tetto in \"><span dir=\"auto\">toit dans<\/span><\/span><\/td>\n<td><span data-jsonadm=\"true\" data-jsonadm-isval=\"1\" data-jsonadm-key=\"tetto in \"><span dir=\"auto\">VRT<\/span><\/span><\/td>\n<\/tr>\n<tr class=\"rt\" data-jsonadm-box=\"1\">\n<td><span data-jsonadm=\"true\" data-jsonadm-iskey=\"1\" data-jsonadm-key=\"tappezzeria edizione speciale \"><span dir=\"auto\">sellerie \u00e9dition sp\u00e9ciale<\/span><\/span><\/td>\n<td><span data-jsonadm=\"true\" data-jsonadm-isval=\"1\" data-jsonadm-key=\"tappezzeria edizione speciale \"><span dir=\"auto\">Rayures grises \u00ab S\u00e9lection noire \u00bb<\/span><\/span><\/td>\n<\/tr>\n<tr class=\"rt\" data-jsonadm-box=\"1\">\n<td><span data-jsonadm=\"true\" data-jsonadm-iskey=\"1\" data-jsonadm-key=\"materasso in \"><span dir=\"auto\">matelas dans<\/span><\/span><\/td>\n<td><span data-jsonadm=\"true\" data-jsonadm-isval=\"1\" data-jsonadm-key=\"materasso in \"><span dir=\"auto\">EvoPore HRC<\/span><\/span><\/td>\n<\/tr>\n<tr class=\"rt\" data-jsonadm-box=\"1\">\n<td><span data-jsonadm=\"true\" data-jsonadm-iskey=\"1\" data-jsonadm-key=\"frigorifero lt \"><span dir=\"auto\">r\u00e9frig\u00e9rateur lt<\/span><\/span><\/td>\n<td><span data-jsonadm=\"true\" data-jsonadm-isval=\"1\" data-jsonadm-key=\"frigorifero lt \"><span dir=\"auto\">142<\/span><\/span><\/td>\n<\/tr>\n<tr class=\"rt\" data-jsonadm-box=\"1\">\n<td><span data-jsonadm=\"true\" data-jsonadm-iskey=\"1\" data-jsonadm-key=\"serbatoio acque chiare lt \"><span dir=\"auto\">r\u00e9servoir d&#8217;eau douce lt<\/span><\/span><\/td>\n<td><span data-jsonadm=\"true\" data-jsonadm-isval=\"1\" data-jsonadm-key=\"serbatoio acque chiare lt \"><span dir=\"auto\">45<\/span><\/span><\/td>\n<\/tr>\n<tr class=\"rt\" data-jsonadm-box=\"1\">\n<td><span data-jsonadm=\"true\" data-jsonadm-iskey=\"1\" data-jsonadm-key=\"serbatoio acque grige con ruote lt\"><span dir=\"auto\">R\u00e9servoir d&#8217;eaux grises sur roues lt<\/span><\/span><\/td>\n<td><span data-jsonadm=\"true\" data-jsonadm-isval=\"1\" data-jsonadm-key=\"serbatoio acque grige con ruote lt\"><span dir=\"auto\">25<\/span><\/span><\/td>\n<\/tr>\n<\/tbody>\n<\/table>\n","protected":false},"excerpt":{"rendered":"<p><span style=\"color: #ff0000;\"><strong><span dir=\"auto\">Design, fonctionnalit\u00e9 et modernit\u00e9.<\/span><\/strong><\/span><\/p>\n<p><span dir=\"auto\">La caravane Knaus Sport&amp;Fun 480 QL Black Edition est con\u00e7ue pour les clients qui privil\u00e9gient le design, la modernit\u00e9 et la capacit\u00e9 de chargement d&#8217;objets volumineux. Le style et les lignes de cette caravane unique en son genre sont remarquables.<\/span><\/p>\n","protected":false},"featured_media":5525,"comment_status":"closed","ping_status":"closed","template":"","meta":{"_monsterinsights_skip_tracking":false,"_monsterinsights_sitenote_active":false,"_monsterinsights_sitenote_note":"","_monsterinsights_sitenote_category":0},"product_brand":[],"product_cat":[221,220],"product_tag":[],"class_list":{"0":"post-5431","1":"product","2":"type-product","3":"status-publish","4":"has-post-thumbnail","6":"product_cat-caravane","7":"product_cat-remorque","9":"first","10":"instock","11":"shipping-taxable","12":"purchasable","13":"product-type-simple"},"aioseo_notices":[],"_links":{"self":[{"href":"https:\/\/mondemachines.com\/index.php\/wp-json\/wp\/v2\/product\/5431","targetHints":{"allow":["GET"]}}],"collection":[{"href":"https:\/\/mondemachines.com\/index.php\/wp-json\/wp\/v2\/product"}],"about":[{"href":"https:\/\/mondemachines.com\/index.php\/wp-json\/wp\/v2\/types\/product"}],"replies":[{"embeddable":true,"href":"https:\/\/mondemachines.com\/index.php\/wp-json\/wp\/v2\/comments?post=5431"}],"wp:featuredmedia":[{"embeddable":true,"href":"https:\/\/mondemachines.com\/index.php\/wp-json\/wp\/v2\/media\/5525"}],"wp:attachment":[{"href":"https:\/\/mondemachines.com\/index.php\/wp-json\/wp\/v2\/media?parent=5431"}],"wp:term":[{"taxonomy":"product_brand","embeddable":true,"href":"https:\/\/mondemachines.com\/index.php\/wp-json\/wp\/v2\/product_brand?post=5431"},{"taxonomy":"product_cat","embeddable":true,"href":"https:\/\/mondemachines.com\/index.php\/wp-json\/wp\/v2\/product_cat?post=5431"},{"taxonomy":"product_tag","embeddable":true,"href":"https:\/\/mondemachines.com\/index.php\/wp-json\/wp\/v2\/product_tag?post=5431"}],"curies":[{"name":"wp","href":"https:\/\/api.w.org\/{rel}","templated":true}]}}