{"id":5433,"date":"2026-01-17T15:47:19","date_gmt":"2026-01-17T15:47:19","guid":{"rendered":"https:\/\/mondemachines.com\/?post_type=product&#038;p=5433"},"modified":"2026-04-15T10:29:09","modified_gmt":"2026-04-15T10:29:09","slug":"knaus-lve-i-700-meg","status":"publish","type":"product","link":"https:\/\/mondemachines.com\/index.php\/product\/knaus-lve-i-700-meg\/","title":{"rendered":"Knaus L!VE I 700 MEG"},"content":{"rendered":"<h4>KNAUS LIVE I 700 MEG<\/h4>\n<p><span dir=\"auto\">Le nouveau camping-car de Knaus, transmission automatique Tableau de bord au design Techno couleur aluminium<\/span><\/p>\n<p><span dir=\"auto\">Ce Classe A, avec ses lignes ext\u00e9rieures captivantes et particuli\u00e8rement saisissantes, dispose d&#8217;un tr\u00e8s grand lit escamotable \u00e0 l&#8217;avant et de deux lits jumeaux confortables \u00e0 l&#8217;arri\u00e8re. L&#8217;espace de vie est spacieux et ergonomique. Le style et l&#8217;ameublement sont dignes de la marque Knaus.<\/span><\/p>\n<p><span dir=\"auto\">roue de secours<\/span><\/p>\n<p><span dir=\"auto\">R\u00e9servoir de carburant de 90 litres<\/span><\/p>\n<p><span dir=\"auto\">Rev\u00eatement Active Rock<\/span><\/p>\n<p><span dir=\"auto\">160 ch<\/span><\/p>\n<p>LONGUEUR\u00a0: 7.51 m \u2013 LARGEUR\u00a0: 2.32 cm \u2013 HAUTEUR\u00a0: 2.79 m<\/p>\n<p><strong>CHASSIS POIDS LOURD<\/strong>\u00a0\u00a0FIAT DUCATO 2.2L\u00a0<strong>180 CV<\/strong><\/p>\n<p><strong>BOITE AUTOMATIQUE 9 RAPPORTS<\/strong><\/p>\n<p>3\/4 PLACES CARTE GRISE<\/p>\n<p>4\/5 COUCHAGES<\/p>\n<p>CLIMATISATION CABINE AUTOMATIQUE \u2013 R\u00c9GULATEUR DE VIETSSE &#8211; AIRBAGS \u2013 ESP \u2013 HILL HOLDER \u2013 ABS \u2013 START &amp; STOP &#8211;\u00a0<strong>TRACTION PLUS<\/strong><\/p>\n<p><strong>AFFICHAGE TETE HAUTE \u2013 ALTERNATEUR INTELLIGENT<\/strong><\/p>\n<p>CHASSIS VOIE \u00c9LARGIE<\/p>\n<p>R\u00c9TROVISEUR TYPE \u00ab\u00a0BUS\u00a0\u00bb<\/p>\n<p><strong>FEUX DE JOUR A LED<\/strong><\/p>\n<p><strong>JANTES ALU 16\u00a0POUCES<\/strong><\/p>\n<p>SIEGE AGUTI PREMIUM &#8211; CONDUCTEUR R\u00c9GLABLE EN HAUTEUR<\/p>\n<p><strong>STORE OCCULTANT AVANT PLISS\u00c9<\/strong><\/p>\n<p>TAPIS SOL CABINE<\/p>\n<p>R\u00c9SERVOIR CARBURANT 75 LITRES<\/p>\n<p><strong>PACK MEDIA (SYSTEME DE NAVIGATION AVEC CAM\u00c9RA DE RECUL + GPS)<\/strong><\/p>\n<p><strong>COMMANDES RADIO AU VOLANT<\/strong><\/p>\n<p><u>D\u00c9COR MOBILIER<\/u>\u00a0: MATARA TEAK TIBERINO<\/p>\n<p><u>TISSUS<\/u>\u00a0: ACTIVE ROCK<\/p>\n<p><strong>MOUSTIQUAIRE PORTE CELLULE<\/strong><\/p>\n<p>SALON EN \u201cL\u201d AVEC TABLE A PIED T\u00c9LESCOPIQUE<\/p>\n<p>SYSTEME ISO-FIX<\/p>\n<p>PLAQUE GAZ 3 FEUX<\/p>\n<p><strong>GRAND FRIGO ABSORPTION + AES 177 LITRES<\/strong><\/p>\n<p><strong>FOUR A GAZ<\/strong><\/p>\n<p><strong>PAROI DE DOUCHE<\/strong><\/p>\n<p>BAIE OUVRANTE ARRIERE GAUCHE 70 x 40 CM<\/p>\n<p>D\u00c9TECTEUR DE FUM\u00c9E<\/p>\n<p><strong>CHAUFFAGE AU SOL \u00c9LECTRIQUE<\/strong><\/p>\n<p><strong>CHAUFFAGE TRUMA COMBI 6 E AVEC COMMANDE CP PLUS<\/strong><\/p>\n<p><strong>R\u00c9SERVOIR EAUX US\u00c9ES ISOL\u00c9 ET CHAUFF\u00c9<\/strong><\/p>\n<p>SYSTEME FILTRE A EAU \u00ab\u00a0BLUUWATER\u00a0\u00bb<\/p>\n<p>MATELAS EVOPORE HRC (uniquement lits fixes)<\/p>\n<p>PRISE USB SUPPL\u00c9MENTAIRE<\/p>\n<p><strong>ANTENNE SAT AUTO + ECRAN PLAT<\/strong><\/p>\n<p><strong>SUPPORT TV<\/strong><\/p>\n<p><strong>PANNEAU SOLAIRE 170W AVEC R\u00c9GULATEUR MPPT<\/strong><\/p>\n<p><strong>BATTERIE LITHIUM 150AH<\/strong><\/p>\n<p><strong>CONVERTISSEUR PUR SINUS 1500W<\/strong><\/p>\n<p><strong>\u00c9CLAIRAGE EXTERIEUR<\/strong><\/p>\n<p><strong>STORE EXTERIEUR<\/strong><\/p>\n<p>&nbsp;<\/p>\n<ul>\n<li>CAPACIT\u00c9 R\u00c9SERVOIR EAU PROPRE\u00a0100 LITRES<\/li>\n<li>CAPACIT\u00c9 R\u00c9SERVOIR EAUX US\u00c9ES 95 LITRES<\/li>\n<li><strong><em>TOIT ULTRAR\u00c9SISTANT RENFORC\u00c9 EN FIBRE DE VERRE<\/em><\/strong><\/li>\n<\/ul>\n<p>&nbsp;<\/p>\n<p><u>DIMENSIONS<\/u>\u00a0:<\/p>\n<ul>\n<li>PORTE DE SOUTE ARRIERE DROITE ET GAUCHE\u00a0: 110 x 80 cm<\/li>\n<li>LIT DE PAVILLON\u00a0: 193 x 150 cm<\/li>\n<li>LIT AVANT\u00a0: 205 x 118\/88 cm<\/li>\n<li>LITS ARRIERE : 199 x 78 \u2013 205 x 78 cm<\/li>\n<\/ul>\n","protected":false},"excerpt":{"rendered":"<p>&nbsp;<\/p>\n<p>&nbsp;<\/p>\n<ul class=\"car-attributes\">\n<li class=\"car_make\">Marque<strong class=\"text-right\">KNAUS<\/strong><\/li>\n<li class=\"car_model\">Mod\u00e8le<strong class=\"text-right\">LIVE I 700 MEG<\/strong><\/li>\n<li class=\"car_year\">Ann\u00e9e<strong class=\"text-right\">2024<\/strong><\/li>\n<li class=\"car_condition\">Condition<strong class=\"text-right\">Neuf<\/strong><\/li>\n<li class=\"car_drivetrain\">Porteur<strong class=\"text-right\">FIAT<\/strong><\/li>\n<li class=\"car_engine\">Motorisation<strong class=\"text-right\">180 CV<\/strong><\/li>\n<li class=\"car_trim\">Place carte grise<strong class=\"text-right\">3\/4<\/strong><\/li>\n<li class=\"couchage\">Couchages<strong class=\"text-right\">4\/5<\/strong><\/li>\n<li class=\"type-de-lits\">Type de lits<strong class=\"text-right\">LITS JUMEAUX R\u00c9UNISSABLES + LIT DE PAVILLON<\/strong><\/li>\n<li class=\"eaux-usees\">Eaux us\u00e9es<strong class=\"text-right\">95 L<\/strong><\/li>\n<li class=\"eaux-propres\">Eaux propres<strong class=\"text-right\">100 L<\/strong><\/li>\n<li class=\"longueur\">Longueur<strong class=\"text-right\">7.51 m<\/strong><\/li>\n<li class=\"hauteur\">Hauteur<strong class=\"text-right\">2.79 m<\/strong><\/li>\n<\/ul>\n","protected":false},"featured_media":5559,"comment_status":"closed","ping_status":"closed","template":"","meta":{"_monsterinsights_skip_tracking":false,"_monsterinsights_sitenote_active":false,"_monsterinsights_sitenote_note":"","_monsterinsights_sitenote_category":0},"product_brand":[],"product_cat":[223],"product_tag":[],"class_list":{"0":"post-5433","1":"product","2":"type-product","3":"status-publish","4":"has-post-thumbnail","6":"product_cat-camping-car","8":"first","9":"instock","10":"shipping-taxable","11":"purchasable","12":"product-type-simple"},"aioseo_notices":[],"_links":{"self":[{"href":"https:\/\/mondemachines.com\/index.php\/wp-json\/wp\/v2\/product\/5433","targetHints":{"allow":["GET"]}}],"collection":[{"href":"https:\/\/mondemachines.com\/index.php\/wp-json\/wp\/v2\/product"}],"about":[{"href":"https:\/\/mondemachines.com\/index.php\/wp-json\/wp\/v2\/types\/product"}],"replies":[{"embeddable":true,"href":"https:\/\/mondemachines.com\/index.php\/wp-json\/wp\/v2\/comments?post=5433"}],"wp:featuredmedia":[{"embeddable":true,"href":"https:\/\/mondemachines.com\/index.php\/wp-json\/wp\/v2\/media\/5559"}],"wp:attachment":[{"href":"https:\/\/mondemachines.com\/index.php\/wp-json\/wp\/v2\/media?parent=5433"}],"wp:term":[{"taxonomy":"product_brand","embeddable":true,"href":"https:\/\/mondemachines.com\/index.php\/wp-json\/wp\/v2\/product_brand?post=5433"},{"taxonomy":"product_cat","embeddable":true,"href":"https:\/\/mondemachines.com\/index.php\/wp-json\/wp\/v2\/product_cat?post=5433"},{"taxonomy":"product_tag","embeddable":true,"href":"https:\/\/mondemachines.com\/index.php\/wp-json\/wp\/v2\/product_tag?post=5433"}],"curies":[{"name":"wp","href":"https:\/\/api.w.org\/{rel}","templated":true}]}}