{"id":5753,"date":"2026-01-17T17:35:05","date_gmt":"2026-01-17T17:35:05","guid":{"rendered":"https:\/\/mondemachines.com\/?post_type=product&#038;p=5753"},"modified":"2026-01-17T17:39:06","modified_gmt":"2026-01-17T17:39:06","slug":"tracteur-case-ih-100a-farmall-avec-chargeur-frontal","status":"publish","type":"product","link":"https:\/\/mondemachines.com\/index.php\/product\/tracteur-case-ih-100a-farmall-avec-chargeur-frontal\/","title":{"rendered":"Tracteur CASE IH 100A Farmall avec chargeur frontal"},"content":{"rendered":"<h5 class=\"product_title entry-title wd-entities-title\">tracteur CASE IH 100A Farmall, construit en 2023, avec chargeur frontal<\/h5>\n<h5 class=\"product_title entry-title wd-entities-title\"><span style=\"font-size: 16px;\">Tracteur <\/span><span style=\"font-size: 16px;\">neuf<\/span><span style=\"font-size: 16px;\"> avec seulement <\/span><span style=\"font-size: 16px;\">3 heures de fonctionnement<\/span><span style=\"font-size: 16px;\">, mod\u00e8le <\/span><span style=\"font-size: 16px;\">2023<\/span><span style=\"font-size: 16px;\">, en <\/span><span style=\"font-size: 16px;\">parfait \u00e9tat optique et technique (5\/5).<\/span><span style=\"font-size: 16px;\"> Equip\u00e9 d&#8217;une chargeuse avant<\/span><span style=\"font-size: 16px;\">, de<\/span><span style=\"font-size: 16px;\"> pneus <\/span><span style=\"font-size: 16px;\">100%<\/span><span style=\"font-size: 16px;\"> neufs<\/span><span style=\"font-size: 16px;\">, marquage CE,<\/span><span style=\"font-size: 16px;\"> pr\u00eat \u00e0 fonctionner. Poids: env. 4100 kg. Dimensions: 5 x 2,5 x 2,8 m. <\/span><span style=\"font-size: 16px;\">V\u00e9rifiez tous<\/span><span style=\"font-size: 16px;\"> les liquides dans l&#8217;ordre. Imm\u00e9diatement disponible.<\/span><\/h5>\n<div class=\"elementor-element elementor-element-f213c2f wd-single-short-desc text-left elementor-widget elementor-widget-wd_single_product_short_description\" data-id=\"f213c2f\" data-element_type=\"widget\" data-widget_type=\"wd_single_product_short_description.default\">\n<div class=\"elementor-widget-container\">\n<div class=\"woocommerce-product-details__short-description\">\n<p><b>A fait l&#8217;objet d&#8217;une inspection visuelle mais n&#8217;a pas \u00e9t\u00e9 enti\u00e8rement test\u00e9e fonctionnellement<\/b>. Oui, ouais<\/p>\n<p><b>Eau dans le refroidisseur dans l&#8217;ordre.<\/b> Oui, ouais<\/p>\n<p><b>Huile moteur dans l&#8217;ordre.<\/b> Oui, ouais<\/p>\n<p><b>Moteur tr\u00e8s bien<\/b>. Oui, ouais<\/p>\n<p><b>Bo\u00eetes de vitesses dans l&#8217;ordre.<\/b> Oui, ouais<\/p>\n<p><b>Freins dans l&#8217;ordre.<\/b> Oui, ouais<\/p>\n<p><b>Peut \u00eatre mis en service jusqu&#8217;\u00e0 la livraison.<\/b> Oui, ouais<\/p>\n<p><b>\u00c9tat optique (1-5) 5=best<\/b>. 5<\/p>\n<p><b>Condition technique (1-5) 5=meilleur<\/b>. 5<\/p>\n<\/div>\n<\/div>\n<\/div>\n","protected":false},"excerpt":{"rendered":"<p>Marque CASE IH<br \/>\nMod\u00e8le 100A Farmall<br \/>\nAnn\u00e9e de construction 2023<br \/>\nHeures de fonctionnement approximatives 3<br \/>\nPneus en bon \u00e9tat 100<br \/>\nmarquage CE Oui<br \/>\nDimensions de transport (L x L x H) m 5 x 2,5 x 2,8<br \/>\nPoids approximatif kg 4.100<\/p>\n","protected":false},"featured_media":5908,"comment_status":"closed","ping_status":"closed","template":"","meta":{"_monsterinsights_skip_tracking":false,"_monsterinsights_sitenote_active":false,"_monsterinsights_sitenote_note":"","_monsterinsights_sitenote_category":0},"product_brand":[],"product_cat":[237,238],"product_tag":[],"class_list":{"0":"post-5753","1":"product","2":"type-product","3":"status-publish","4":"has-post-thumbnail","6":"product_cat-machine-agricole","7":"product_cat-tracteur-agricole","9":"first","10":"instock","11":"shipping-taxable","12":"purchasable","13":"product-type-simple"},"aioseo_notices":[],"_links":{"self":[{"href":"https:\/\/mondemachines.com\/index.php\/wp-json\/wp\/v2\/product\/5753","targetHints":{"allow":["GET"]}}],"collection":[{"href":"https:\/\/mondemachines.com\/index.php\/wp-json\/wp\/v2\/product"}],"about":[{"href":"https:\/\/mondemachines.com\/index.php\/wp-json\/wp\/v2\/types\/product"}],"replies":[{"embeddable":true,"href":"https:\/\/mondemachines.com\/index.php\/wp-json\/wp\/v2\/comments?post=5753"}],"wp:featuredmedia":[{"embeddable":true,"href":"https:\/\/mondemachines.com\/index.php\/wp-json\/wp\/v2\/media\/5908"}],"wp:attachment":[{"href":"https:\/\/mondemachines.com\/index.php\/wp-json\/wp\/v2\/media?parent=5753"}],"wp:term":[{"taxonomy":"product_brand","embeddable":true,"href":"https:\/\/mondemachines.com\/index.php\/wp-json\/wp\/v2\/product_brand?post=5753"},{"taxonomy":"product_cat","embeddable":true,"href":"https:\/\/mondemachines.com\/index.php\/wp-json\/wp\/v2\/product_cat?post=5753"},{"taxonomy":"product_tag","embeddable":true,"href":"https:\/\/mondemachines.com\/index.php\/wp-json\/wp\/v2\/product_tag?post=5753"}],"curies":[{"name":"wp","href":"https:\/\/api.w.org\/{rel}","templated":true}]}}