{"id":6012,"date":"2026-01-17T18:00:58","date_gmt":"2026-01-17T18:00:58","guid":{"rendered":"https:\/\/mondemachines.com\/?post_type=product&#038;p=6012"},"modified":"2026-04-15T10:30:18","modified_gmt":"2026-04-15T10:30:18","slug":"nacelle-araignee-elevatrice-de-23m","status":"publish","type":"product","link":"https:\/\/mondemachines.com\/index.php\/product\/nacelle-araignee-elevatrice-de-23m\/","title":{"rendered":"Nacelle araign\u00e9e \u00e9l\u00e9vatrice de 23m"},"content":{"rendered":"<div class=\"titleBlock\">\n<h6 class=\"articleTitle\"><span style=\"font-size: 16px;\">Nacelle araign\u00e9e sur chenilles CMC S 23 :<\/span><\/h6>\n<\/div>\n<div class=\"customFieldsBlock\">\n<div class=\"listType\">\n<ul>\n<li>moteur Diesel Kubota Z602<\/li>\n<li>chenilles grises non marquantes<\/li>\n<li>ch\u00e2ssis variable avec chenilles extensibles<\/li>\n<li>double vitesse de translation<\/li>\n<li>nacelle biplace 1,4 x 0,7 x 1,1 m \u00e0 coins arrondis<\/li>\n<li>syst\u00e8me de d\u00e9montage rapide avec roue<\/li>\n<li>prise 230 V dans la nacelle<\/li>\n<li>prise 12 V dans la nacelle<\/li>\n<li>flexible air\/eau dans la nacelle 200 Bar<\/li>\n<li>protection cylindre sur stabilisateurs<\/li>\n<li>diff\u00e9rentes positions de stabilisation\u00a0: minimale, interm\u00e9diaire (droite et gauche) et large<\/li>\n<li>affichage sur \u00e9cran de la d\u00e9tection du code de d\u00e9faut<\/li>\n<li>commandes \u00e9lectrohydrauliques proportionnelles<\/li>\n<li>stabilisation automatique<\/li>\n<li>contr\u00f4le automatique de la vitesse<\/li>\n<li>fonction de repli automatique \u00ab\u00a0retour en position de transport\u00a0\u00bb<\/li>\n<li>commande \u00e0 distance pour la translation<\/li>\n<li>moteur \u00e9lectrique auxiliaire 230 V avec chargeur de batterie<\/li>\n<li>rotation de la nacelle de 2 x 90 \u00b0 par moteur hydraulique<\/li>\n<li>poste de commande fixe avec couvercle de protection dans la nacelle<\/li>\n<li>p\u00e9dale home pr\u00e9sent<\/li>\n<li>sonnerie intermittente de translation<\/li>\n<li>gyrophare fixe<\/li>\n<li>pompe \u00e9lectrique d\u2019urgence de 12 V<\/li>\n<li>quatre plaques de r\u00e9partition enfilables rectangulaires 60 x 30 cm<\/li>\n<li>kit de connexion \u00e0 distance comprenant le syst\u00e8me et le mat\u00e9riel Peak, install\u00e9 \u00e0 bord et utilisable avec un smartphone, un ordinateur portable ou une tablette (connexion internet avec CMC)<\/li>\n<li>man\u0153uvre de chargement (soul\u00e8vement du bras articul\u00e9)<\/li>\n<li>sangles de fixation pour le transport<\/li>\n<li>poids (ex\u00e9cution sp\u00e9ciale pour transport sur remorque TiMA) : 3040 kg<\/li>\n<\/ul>\n<\/div>\n<\/div>\n","protected":false},"excerpt":{"rendered":"<h5 class=\"titre\"><small>Nacelle araign\u00e9e \u00e9l\u00e9vatrice articul\u00e9e et t\u00e9lescopique sur chenilles d\u2019une hauteur de travail de 23m et une port\u00e9e lat\u00e9rale de 12,40m<\/small><\/h5>\n<div class=\"customFieldsBlock\">\n<div class=\"listType\">\n<p>Hauteur de travail: 30,3 m<\/p>\n<p>D\u00e9port: 12,4 m<\/p>\n<p>Poids: 3000 kg<\/p>\n<\/div>\n<div class=\"listType\">\n<p>Dimensions:: 5,5 x 0,85 x 1,98 m<\/p>\n<\/div>\n<div class=\"listType\">\n<p>Capacit\u00e9 du panier: 200 kg<\/p>\n<\/div>\n<div class=\"listType\">\n<p>Energie: Thermique et\/ou \u00e9lectrique<\/p>\n<\/div>\n<div class=\"listType\">\n<div class=\"labelList\">Empattement:: 3,81 x 3,84 m<\/div>\n<\/div>\n<\/div>\n","protected":false},"featured_media":6080,"comment_status":"closed","ping_status":"closed","template":"","meta":{"_monsterinsights_skip_tracking":false,"_monsterinsights_sitenote_active":false,"_monsterinsights_sitenote_note":"","_monsterinsights_sitenote_category":0},"product_brand":[],"product_cat":[241,243,242],"product_tag":[],"class_list":{"0":"post-6012","1":"product","2":"type-product","3":"status-publish","4":"has-post-thumbnail","6":"product_cat-ascenseur-de-manege","7":"product_cat-nacelle-a-bras-articule","8":"product_cat-nacelle-elevatrice","10":"first","11":"instock","12":"sale","13":"shipping-taxable","14":"purchasable","15":"product-type-simple"},"aioseo_notices":[],"_links":{"self":[{"href":"https:\/\/mondemachines.com\/index.php\/wp-json\/wp\/v2\/product\/6012","targetHints":{"allow":["GET"]}}],"collection":[{"href":"https:\/\/mondemachines.com\/index.php\/wp-json\/wp\/v2\/product"}],"about":[{"href":"https:\/\/mondemachines.com\/index.php\/wp-json\/wp\/v2\/types\/product"}],"replies":[{"embeddable":true,"href":"https:\/\/mondemachines.com\/index.php\/wp-json\/wp\/v2\/comments?post=6012"}],"wp:featuredmedia":[{"embeddable":true,"href":"https:\/\/mondemachines.com\/index.php\/wp-json\/wp\/v2\/media\/6080"}],"wp:attachment":[{"href":"https:\/\/mondemachines.com\/index.php\/wp-json\/wp\/v2\/media?parent=6012"}],"wp:term":[{"taxonomy":"product_brand","embeddable":true,"href":"https:\/\/mondemachines.com\/index.php\/wp-json\/wp\/v2\/product_brand?post=6012"},{"taxonomy":"product_cat","embeddable":true,"href":"https:\/\/mondemachines.com\/index.php\/wp-json\/wp\/v2\/product_cat?post=6012"},{"taxonomy":"product_tag","embeddable":true,"href":"https:\/\/mondemachines.com\/index.php\/wp-json\/wp\/v2\/product_tag?post=6012"}],"curies":[{"name":"wp","href":"https:\/\/api.w.org\/{rel}","templated":true}]}}