{"id":6027,"date":"2026-01-17T18:00:59","date_gmt":"2026-01-17T18:00:59","guid":{"rendered":"https:\/\/mondemachines.com\/?post_type=product&#038;p=6027"},"modified":"2026-01-17T18:06:28","modified_gmt":"2026-01-17T18:06:28","slug":"conteneur-sanitaire-avec-douche","status":"publish","type":"product","link":"https:\/\/mondemachines.com\/index.php\/product\/conteneur-sanitaire-avec-douche\/","title":{"rendered":"Conteneur Sanitaire avec douche"},"content":{"rendered":"<p>Ce <strong>conteneur sanitaire<\/strong> est con\u00e7u pour offrir un espace fonctionnel \u00e9quip\u00e9 de toutes les commodit\u00e9s n\u00e9cessaires pour une salle de bain compl\u00e8te. Id\u00e9al pour les chantiers, \u00e9v\u00e9nements ext\u00e9rieurs, ou comme installation temporaire, il comprend une douche, un WC, un lavabo, et une chaudi\u00e8re pour l&#8217;eau chaude.<\/p>\n<ul>\n<li style=\"list-style-type: none;\">\n<ul>\n<li style=\"list-style-type: none;\">\n<ul>\n<li>Salle de bain compl\u00e8te avec WC<\/li>\n<li>Douche et lavabo<\/li>\n<li>Chaudi\u00e8re pour l&#8217;eau chaude<\/li>\n<li>Installation \u00e9lectrique pr\u00eate \u00e0 \u00eatre connect\u00e9e<\/li>\n<\/ul>\n<\/li>\n<\/ul>\n<\/li>\n<\/ul>\n<p><strong>D\u00e9tails Techniques<\/strong><\/p>\n<ul>\n<li><strong>Isolation<\/strong> : Isolation thermique et phonique de base pour une utilisation confortable.<\/li>\n<li><strong>Structure<\/strong> : M\u00e9tallique robuste, r\u00e9sistante aux intemp\u00e9ries.<\/li>\n<li><strong>Installation<\/strong> : Pr\u00eat \u00e0 \u00eatre install\u00e9 sur site, raccordements \u00e9lectriques et plomberie n\u00e9cessaires.<\/li>\n<\/ul>\n","protected":false},"excerpt":{"rendered":"<ul>\n<li>\n<ul>\n<li>\n<ul>\n<li><strong>Dimensions :<\/strong>\n<ul>\n<li><strong>Largeur<\/strong> : 1,86 m<\/li>\n<li><strong>Longueur<\/strong> : 1,45 m<\/li>\n<li><strong>Surface totale<\/strong> : 2,70 m\u00b2<\/li>\n<\/ul>\n<\/li>\n<li><strong>\u00c9tat<\/strong> : Neuf, en bon \u00e9tat, pr\u00eat \u00e0 l&#8217;usage.<\/li>\n<li><strong>Portes et Fen\u00eatres :<\/strong>\n<ul>\n<li><strong>Porte<\/strong> : 1 porte ordinaire<\/li>\n<li><strong>Fen\u00eatres<\/strong> : 1 fen\u00eatre sur le mur long, ouvrante, basculante pour une meilleure ventilation.<\/li>\n<\/ul>\n<\/li>\n<\/ul>\n<\/li>\n<\/ul>\n<\/li>\n<\/ul>\n","protected":false},"featured_media":6209,"comment_status":"closed","ping_status":"closed","template":"","meta":{"_monsterinsights_skip_tracking":false,"_monsterinsights_sitenote_active":false,"_monsterinsights_sitenote_note":"","_monsterinsights_sitenote_category":0},"product_brand":[],"product_cat":[244],"product_tag":[],"class_list":{"0":"post-6027","1":"product","2":"type-product","3":"status-publish","4":"has-post-thumbnail","6":"product_cat-non-classe","8":"first","9":"instock","10":"shipping-taxable","11":"purchasable","12":"product-type-simple"},"aioseo_notices":[],"_links":{"self":[{"href":"https:\/\/mondemachines.com\/index.php\/wp-json\/wp\/v2\/product\/6027","targetHints":{"allow":["GET"]}}],"collection":[{"href":"https:\/\/mondemachines.com\/index.php\/wp-json\/wp\/v2\/product"}],"about":[{"href":"https:\/\/mondemachines.com\/index.php\/wp-json\/wp\/v2\/types\/product"}],"replies":[{"embeddable":true,"href":"https:\/\/mondemachines.com\/index.php\/wp-json\/wp\/v2\/comments?post=6027"}],"wp:featuredmedia":[{"embeddable":true,"href":"https:\/\/mondemachines.com\/index.php\/wp-json\/wp\/v2\/media\/6209"}],"wp:attachment":[{"href":"https:\/\/mondemachines.com\/index.php\/wp-json\/wp\/v2\/media?parent=6027"}],"wp:term":[{"taxonomy":"product_brand","embeddable":true,"href":"https:\/\/mondemachines.com\/index.php\/wp-json\/wp\/v2\/product_brand?post=6027"},{"taxonomy":"product_cat","embeddable":true,"href":"https:\/\/mondemachines.com\/index.php\/wp-json\/wp\/v2\/product_cat?post=6027"},{"taxonomy":"product_tag","embeddable":true,"href":"https:\/\/mondemachines.com\/index.php\/wp-json\/wp\/v2\/product_tag?post=6027"}],"curies":[{"name":"wp","href":"https:\/\/api.w.org\/{rel}","templated":true}]}}