{"id":6260,"date":"2026-01-17T18:25:04","date_gmt":"2026-01-17T18:25:04","guid":{"rendered":"https:\/\/mondemachines.com\/?post_type=product&#038;p=6260"},"modified":"2026-04-15T10:30:18","modified_gmt":"2026-04-15T10:30:18","slug":"moissonneuse-batteuse-claas-tucano-430","status":"publish","type":"product","link":"https:\/\/mondemachines.com\/index.php\/product\/moissonneuse-batteuse-claas-tucano-430\/","title":{"rendered":"Moissonneuse Batteuse CLAAS TUCANO 430"},"content":{"rendered":"<div class=\"elementor-element elementor-element-5f64666 elementor-widget elementor-widget-vehica_description_single_car_widget\" data-id=\"5f64666\" data-element_type=\"widget\" data-widget_type=\"vehica_description_single_car_widget.default\">\n<div class=\"elementor-widget-container\">\n<div>\n<h3 class=\"vehica-section-label vehica-section-label--description\"><span dir=\"auto\">Description<\/span><\/h3>\n<div class=\"vehica-car-description\">\n<p><span dir=\"auto\">Beau CLAAS TUCANO 430 avec 4\u00d74, table pliante C540, 900 roues<\/span><\/p>\n<\/div>\n<\/div>\n<\/div>\n<\/div>\n<div class=\"elementor-element elementor-element-5e29033 elementor-widget elementor-widget-spacer\" data-id=\"5e29033\" data-element_type=\"widget\" data-widget_type=\"spacer.default\">\n<div class=\"elementor-widget-container\">\n<div class=\"elementor-spacer\">\n<div class=\"elementor-spacer-inner\"><\/div>\n<\/div>\n<\/div>\n<\/div>\n<div class=\"elementor-element elementor-element-9e6fbe8 elementor-widget__width-initial elementor-widget-tablet__width-inherit elementor-widget elementor-widget-vehica_terms_single_car_widget\" data-id=\"9e6fbe8\" data-element_type=\"widget\" data-widget_type=\"vehica_terms_single_car_widget.default\">\n<div class=\"elementor-widget-container\">\n<div>\n<h3 class=\"vehica-section-label vehica-section-label--list\"><span dir=\"auto\">Caract\u00e9ristiques<\/span><\/h3>\n<div class=\"vehica-grid vehica-car-list\">\n<div class=\"vehica-car-list__element vehica-grid__element vehica-grid__element--1of3 vehica-grid__element--mobile-1of1 vehica-car-list__element\"><span class=\"vehica-car-list__element__dot\"><span dir=\"auto\">\u2022<\/span><\/span><span class=\"vehica-car-list__element__inner\"><span dir=\"auto\">Climatisation\u00a0 \u00a0 \u00a0 \u00a0 \u00a0 \u00a0 \u00a0 \u00a0 \u00a0 \u00a0 \u00a0 \u00a0 \u00a0 \u00a0 \u00a0 \u00a0 \u00a0 \u00a0 \u00a0 \u00a0 \u00a0 \u00a0 \u00a0 \u00a0 \u00a0 \u00a0 \u00a0 \u00a0 \u00a0 \u00a0 \u00a0 \u00a0 \u00a0 \u00a0 \u00a0 \u00a0 \u00a0 \u00a0 \u00a0 \u00a0 \u00a0 \u00a0 <\/span><\/span><span class=\"vehica-car-list__element__dot\"><span dir=\"auto\">\u2022<\/span><\/span><span class=\"vehica-car-list__element__inner\"><span dir=\"auto\">Commande \u00e0 distance des ailes d\u00e9ploy\u00e9es<\/span><\/span><\/div>\n<div class=\"vehica-car-list__element vehica-grid__element vehica-grid__element--1of3 vehica-grid__element--mobile-1of1 vehica-car-list__element\"><span class=\"vehica-car-list__element__dot\"><span dir=\"auto\">\u2022<\/span><\/span><span class=\"vehica-car-list__element__inner\"><span dir=\"auto\">Compteur de surface\u00a0 \u00a0 \u00a0 \u00a0 \u00a0 \u00a0 \u00a0 \u00a0 \u00a0 \u00a0 \u00a0 \u00a0 \u00a0 \u00a0 \u00a0 \u00a0 \u00a0 \u00a0 \u00a0 \u00a0 \u00a0 \u00a0 \u00a0 \u00a0 \u00a0 \u00a0 \u00a0 \u00a0 \u00a0 \u00a0 \u00a0 \u00a0 \u00a0 \u00a0 \u00a0 <\/span><\/span><span class=\"vehica-car-list__element__dot\"><span dir=\"auto\">\u2022<\/span><\/span><span class=\"vehica-car-list__element__inner\"><span dir=\"auto\">Contr\u00f4le automatique de la table de d\u00e9coupe<\/span><\/span><\/div>\n<div class=\"vehica-car-list__element vehica-grid__element vehica-grid__element--1of3 vehica-grid__element--mobile-1of1 vehica-car-list__element\"><span class=\"vehica-car-list__element__dot\"><span dir=\"auto\">\u2022<\/span><\/span><span class=\"vehica-car-list__element__inner\"><span dir=\"auto\">Coupe-paille\u00a0 \u00a0 \u00a0 \u00a0 \u00a0 \u00a0 \u00a0 \u00a0 \u00a0 \u00a0 \u00a0 \u00a0 \u00a0 \u00a0 \u00a0 \u00a0 \u00a0 \u00a0 \u00a0 \u00a0 \u00a0 \u00a0 \u00a0 \u00a0 \u00a0 \u00a0 \u00a0 \u00a0 \u00a0 \u00a0 \u00a0 \u00a0 \u00a0 \u00a0 \u00a0 \u00a0 \u00a0 \u00a0 \u00a0 \u00a0 \u00a0 \u00a0 \u00a0<\/span><\/span><span class=\"vehica-car-list__element__dot\"><span dir=\"auto\">\u2022<\/span><\/span><span class=\"vehica-car-list__element__inner\"><span dir=\"auto\">Poids : 13 500 kg<\/span><\/span><\/div>\n<div class=\"vehica-car-list__element vehica-grid__element vehica-grid__element--1of3 vehica-grid__element--mobile-1of1 vehica-car-list__element\"><span class=\"vehica-car-list__element__dot\"><span dir=\"auto\">\u2022<\/span><\/span><span class=\"vehica-car-list__element__inner\"><span dir=\"auto\">Quatre roues motrices<\/span><\/span><\/div>\n<div class=\"vehica-car-list__element vehica-grid__element vehica-grid__element--1of3 vehica-grid__element--mobile-1of1 vehica-car-list__element\"><span class=\"vehica-car-list__element__dot\"><span dir=\"auto\">\u2022<\/span><\/span><span class=\"vehica-car-list__element__inner\"><span dir=\"auto\">Si\u00e8ge passager\u00a0 \u00a0 \u00a0 \u00a0 \u00a0 \u00a0 \u00a0 \u00a0 \u00a0 \u00a0 \u00a0 \u00a0 \u00a0 \u00a0 \u00a0 \u00a0 \u00a0 \u00a0 \u00a0 \u00a0 \u00a0 \u00a0 \u00a0 \u00a0 \u00a0 \u00a0 \u00a0 \u00a0 \u00a0 \u00a0 \u00a0 \u00a0 \u00a0 \u00a0 \u00a0 \u00a0 \u00a0 \u00a0 \u00a0 \u00a0 \u00a0 <\/span><\/span><span class=\"vehica-car-list__element__dot\"><span dir=\"auto\">\u2022<\/span><\/span><span class=\"vehica-car-list__element__inner\"><span dir=\"auto\">Table de d\u00e9coupe \u00e0 connexion rapide<\/span><\/span><\/div>\n<div class=\"vehica-car-list__element vehica-grid__element vehica-grid__element--1of3 vehica-grid__element--mobile-1of1 vehica-car-list__element\"><span class=\"vehica-car-list__element__dot\"><span dir=\"auto\">\u2022<\/span><\/span><span class=\"vehica-car-list__element__inner\"><span dir=\"auto\">Table de d\u00e9coupe pliante\u00a0 \u00a0 \u00a0 \u00a0 \u00a0 \u00a0 \u00a0 \u00a0 \u00a0 \u00a0 \u00a0 \u00a0 \u00a0 \u00a0 \u00a0 \u00a0 \u00a0 \u00a0 \u00a0 \u00a0 \u00a0 \u00a0 \u00a0 \u00a0 \u00a0 \u00a0 \u00a0 \u00a0 \u00a0 \u00a0 \u00a0 \u00a0<\/span><\/span><span class=\"vehica-car-list__element__dot\"><span dir=\"auto\">\u2022<\/span><\/span><span class=\"vehica-car-list__element__inner\"><span dir=\"auto\">Volume du cylindre : 7,2 litres<\/span><\/span><\/div>\n<\/div>\n<\/div>\n<\/div>\n<\/div>\n","protected":false},"excerpt":{"rendered":"<div class=\"vehica-grid__element vehica-grid__element--1of1 vehica-grid__element--tablet-1of2 vehica-grid__element--mobile-1of1\">\n<div class=\"vehica-grid\">\n<div class=\"vehica-car-attributes__name vehica-grid__element--1of2\"><span dir=\"auto\">Garantie: <\/span><span dir=\"auto\">3 ans<\/span><\/div>\n<\/div>\n<\/div>\n<div class=\"vehica-grid__element vehica-grid__element--1of1 vehica-grid__element--tablet-1of2 vehica-grid__element--mobile-1of1\">\n<div class=\"vehica-grid\">\n<div class=\"vehica-car-attributes__name vehica-grid__element--1of2\"><span dir=\"auto\">Quantit\u00e9: <\/span><span dir=\"auto\">1<\/span><\/div>\n<\/div>\n<\/div>\n<div class=\"vehica-grid__element vehica-grid__element--1of1 vehica-grid__element--tablet-1of2 vehica-grid__element--mobile-1of1\">\n<div class=\"vehica-grid\">\n<div class=\"vehica-car-attributes__name vehica-grid__element--1of2\"><span dir=\"auto\">Marque: <\/span><span dir=\"auto\">CLAAS<\/span><\/div>\n<\/div>\n<\/div>\n<div class=\"vehica-grid__element vehica-grid__element--1of1 vehica-grid__element--tablet-1of2 vehica-grid__element--mobile-1of1\">\n<div class=\"vehica-grid\">\n<div class=\"vehica-car-attributes__name vehica-grid__element--1of2\"><span dir=\"auto\">Mod\u00e8le: <\/span><span dir=\"auto\">TUCANO<\/span><\/div>\n<\/div>\n<\/div>\n<div class=\"vehica-grid__element vehica-grid__element--1of1 vehica-grid__element--tablet-1of2 vehica-grid__element--mobile-1of1\">\n<div class=\"vehica-grid\">\n<div class=\"vehica-car-attributes__name vehica-grid__element--1of2\"><span dir=\"auto\">Ann\u00e9e: <\/span><span dir=\"auto\">2013<\/span><\/div>\n<\/div>\n<\/div>\n<div class=\"vehica-grid__element vehica-grid__element--1of1 vehica-grid__element--tablet-1of2 vehica-grid__element--mobile-1of1\">\n<div class=\"vehica-grid\">\n<div class=\"vehica-car-attributes__name vehica-grid__element--1of2\"><span dir=\"auto\">Puissance moteur: <\/span><span dir=\"auto\">263<\/span><\/div>\n<\/div>\n<\/div>\n<div class=\"vehica-grid__element vehica-grid__element--1of1 vehica-grid__element--tablet-1of2 vehica-grid__element--mobile-1of1\">\n<div class=\"vehica-grid\">\n<div class=\"vehica-car-attributes__name vehica-grid__element--1of2\"><span dir=\"auto\">\u00c9tat: <\/span><span dir=\"auto\">Occasion<\/span><\/div>\n<\/div>\n<\/div>\n<div class=\"vehica-grid__element vehica-grid__element--1of1 vehica-grid__element--tablet-1of2 vehica-grid__element--mobile-1of1\">\n<div class=\"vehica-grid\">\n<div class=\"vehica-car-attributes__name vehica-grid__element--1of2\"><span dir=\"auto\">Type d&#8217;offre: <\/span><span dir=\"auto\">\u00c0 vendre<\/span><\/div>\n<\/div>\n<\/div>\n","protected":false},"featured_media":6314,"comment_status":"closed","ping_status":"closed","template":"","meta":{"_monsterinsights_skip_tracking":false,"_monsterinsights_sitenote_active":false,"_monsterinsights_sitenote_note":"","_monsterinsights_sitenote_category":0},"product_brand":[250],"product_cat":[231],"product_tag":[],"class_list":{"0":"post-6260","1":"product","2":"type-product","3":"status-publish","4":"has-post-thumbnail","6":"product_brand-claas","7":"product_cat-batteuse-moissonneuse","9":"first","10":"instock","11":"shipping-taxable","12":"purchasable","13":"product-type-simple"},"aioseo_notices":[],"_links":{"self":[{"href":"https:\/\/mondemachines.com\/index.php\/wp-json\/wp\/v2\/product\/6260","targetHints":{"allow":["GET"]}}],"collection":[{"href":"https:\/\/mondemachines.com\/index.php\/wp-json\/wp\/v2\/product"}],"about":[{"href":"https:\/\/mondemachines.com\/index.php\/wp-json\/wp\/v2\/types\/product"}],"replies":[{"embeddable":true,"href":"https:\/\/mondemachines.com\/index.php\/wp-json\/wp\/v2\/comments?post=6260"}],"wp:featuredmedia":[{"embeddable":true,"href":"https:\/\/mondemachines.com\/index.php\/wp-json\/wp\/v2\/media\/6314"}],"wp:attachment":[{"href":"https:\/\/mondemachines.com\/index.php\/wp-json\/wp\/v2\/media?parent=6260"}],"wp:term":[{"taxonomy":"product_brand","embeddable":true,"href":"https:\/\/mondemachines.com\/index.php\/wp-json\/wp\/v2\/product_brand?post=6260"},{"taxonomy":"product_cat","embeddable":true,"href":"https:\/\/mondemachines.com\/index.php\/wp-json\/wp\/v2\/product_cat?post=6260"},{"taxonomy":"product_tag","embeddable":true,"href":"https:\/\/mondemachines.com\/index.php\/wp-json\/wp\/v2\/product_tag?post=6260"}],"curies":[{"name":"wp","href":"https:\/\/api.w.org\/{rel}","templated":true}]}}