{"id":6810,"date":"2026-01-17T22:05:48","date_gmt":"2026-01-17T22:05:48","guid":{"rendered":"https:\/\/mondemachines.com\/?post_type=product&#038;p=6810"},"modified":"2026-04-15T10:24:55","modified_gmt":"2026-04-15T10:24:55","slug":"cesab-tiger-xl-2023","status":"publish","type":"product","link":"https:\/\/mondemachines.com\/index.php\/product\/cesab-tiger-xl-2023\/","title":{"rendered":"Cesab TIGER XL &#8211; 2023"},"content":{"rendered":"<h3 class=\"vehica-section-label vehica-section-label--description\">Description<\/h3>\n<div class=\"vehica-car-description\">\n<p><b>\u00c9quipement:<\/b><\/p>\n<ul>\n<li>M\u00e2t triplex \u00e0 lev\u00e9e libre<\/li>\n<li>Hauteur de levage 4700mm<\/li>\n<li>Hauteur de caisse\u00a0: 2\u00a0190\u00a0mm<\/li>\n<li>Feux LED avant et arri\u00e8re<\/li>\n<li>Leviers standards<\/li>\n<li>Inclinaison automatique<\/li>\n<li>Indicateur de poids<\/li>\n<li>Pneus avant et arri\u00e8re larges pour rouler sur des surfaces meubles<\/li>\n<li>Fourches standard, peuvent \u00eatre fournies avec un agr\u00e9gat SS\/SP pour un prix suppl\u00e9mentaire<\/li>\n<li>Moteur Toyota Stage V 3 cylindres.<\/li>\n<\/ul>\n<\/div>\n<h3 class=\"vehica-section-label vehica-section-label--list\">Caract\u00e9ristiques<\/h3>\n<div class=\"vehica-grid vehica-car-list\">\n<div class=\"vehica-car-list__element vehica-grid__element vehica-grid__element--1of3 vehica-grid__element--mobile-1of1 vehica-car-list__element\"><span class=\"vehica-car-list__element__dot\">\u2022<\/span><span class=\"vehica-car-list__element__inner\">7 m\u00e8tres<\/span><\/div>\n<div class=\"vehica-car-list__element vehica-grid__element vehica-grid__element--1of3 vehica-grid__element--mobile-1of1 vehica-car-list__element\"><span class=\"vehica-car-list__element__dot\">\u2022<\/span><span class=\"vehica-car-list__element__inner\">Capacit\u00e9 de levage: 2500 kg<\/span><\/div>\n<div class=\"vehica-car-list__element vehica-grid__element vehica-grid__element--1of3 vehica-grid__element--mobile-1of1 vehica-car-list__element\"><span class=\"vehica-car-list__element__dot\">\u2022<\/span><span class=\"vehica-car-list__element__inner\">Hauteur de levage: 4<\/span><\/div>\n<div class=\"vehica-car-list__element vehica-grid__element vehica-grid__element--1of3 vehica-grid__element--mobile-1of1 vehica-car-list__element\"><span class=\"vehica-car-list__element__dot\">\u2022<\/span><span class=\"vehica-car-list__element__inner\">Poids: 3 900 kg<\/span><\/div>\n<div class=\"vehica-car-list__element vehica-grid__element vehica-grid__element--1of3 vehica-grid__element--mobile-1of1 vehica-car-list__element\"><span class=\"vehica-car-list__element__dot\">\u2022<\/span><span class=\"vehica-car-list__element__inner\">Type de cabine: Ouvrir<\/span><\/div>\n<\/div>\n","protected":false},"excerpt":{"rendered":"<div class=\"vehica-grid__element vehica-grid__element--1of1 vehica-grid__element--tablet-1of2 vehica-grid__element--mobile-1of1\">\n<div class=\"vehica-grid\">\n<div class=\"vehica-car-attributes__name vehica-grid__element--1of2\">Garantie: 5 ans<\/div>\n<\/div>\n<\/div>\n<div class=\"vehica-grid__element vehica-grid__element--1of1 vehica-grid__element--tablet-1of2 vehica-grid__element--mobile-1of1\">\n<div class=\"vehica-grid\">\n<div class=\"vehica-car-attributes__name vehica-grid__element--1of2\">Quantit\u00e9: En stock<\/div>\n<\/div>\n<\/div>\n<div class=\"vehica-grid__element vehica-grid__element--1of1 vehica-grid__element--tablet-1of2 vehica-grid__element--mobile-1of1\">\n<div class=\"vehica-grid\">\n<div class=\"vehica-car-attributes__name vehica-grid__element--1of2\">Marque: CESAB<\/div>\n<\/div>\n<\/div>\n<div class=\"vehica-grid__element vehica-grid__element--1of1 vehica-grid__element--tablet-1of2 vehica-grid__element--mobile-1of1\">\n<div class=\"vehica-grid\">\n<div class=\"vehica-car-attributes__name vehica-grid__element--1of2\">Mod\u00e8le: TIGRE XL<\/div>\n<\/div>\n<\/div>\n<div class=\"vehica-grid__element vehica-grid__element--1of1 vehica-grid__element--tablet-1of2 vehica-grid__element--mobile-1of1\">\n<div class=\"vehica-grid\">\n<div class=\"vehica-car-attributes__name vehica-grid__element--1of2\">Ann\u00e9e: 2023<\/div>\n<\/div>\n<\/div>\n<div class=\"vehica-grid__element vehica-grid__element--1of1 vehica-grid__element--tablet-1of2 vehica-grid__element--mobile-1of1\">\n<div class=\"vehica-grid\">\n<div class=\"vehica-car-attributes__name vehica-grid__element--1of2\">\u00c9tat: Neuf<\/div>\n<\/div>\n<\/div>\n<div class=\"vehica-grid__element vehica-grid__element--1of1 vehica-grid__element--tablet-1of2 vehica-grid__element--mobile-1of1\">\n<div class=\"vehica-grid\">\n<div class=\"vehica-car-attributes__name vehica-grid__element--1of2\">Kilom\u00e9trage: 0Km<\/div>\n<\/div>\n<\/div>\n<div class=\"vehica-grid__element vehica-grid__element--1of1 vehica-grid__element--tablet-1of2 vehica-grid__element--mobile-1of1\">\n<div class=\"vehica-grid\">\n<div class=\"vehica-car-attributes__name vehica-grid__element--1of2\">Nombre d&#8217;heures: 0 heure<\/div>\n<\/div>\n<\/div>\n<div class=\"vehica-grid__element vehica-grid__element--1of1 vehica-grid__element--tablet-1of2 vehica-grid__element--mobile-1of1\">\n<div class=\"vehica-grid\">\n<div class=\"vehica-car-attributes__name vehica-grid__element--1of2\">Cylindres: 3<\/div>\n<\/div>\n<\/div>\n<div class=\"vehica-grid__element vehica-grid__element--1of1 vehica-grid__element--tablet-1of2 vehica-grid__element--mobile-1of1\">\n<div class=\"vehica-grid\">\n<div class=\"vehica-car-attributes__name vehica-grid__element--1of2\">Type d&#8217;offre: A vendre<\/div>\n<\/div>\n<\/div>\n","protected":false},"featured_media":6945,"comment_status":"closed","ping_status":"closed","template":"","meta":{"_monsterinsights_skip_tracking":false,"_monsterinsights_sitenote_active":false,"_monsterinsights_sitenote_note":"","_monsterinsights_sitenote_category":0},"product_brand":[274],"product_cat":[271,272],"product_tag":[],"class_list":{"0":"post-6810","1":"product","2":"type-product","3":"status-publish","4":"has-post-thumbnail","6":"product_brand-cesab","7":"product_cat-chariot-elevateur","8":"product_cat-chariot-elevateur-industriel","10":"first","11":"instock","12":"shipping-taxable","13":"purchasable","14":"product-type-simple"},"aioseo_notices":[],"_links":{"self":[{"href":"https:\/\/mondemachines.com\/index.php\/wp-json\/wp\/v2\/product\/6810","targetHints":{"allow":["GET"]}}],"collection":[{"href":"https:\/\/mondemachines.com\/index.php\/wp-json\/wp\/v2\/product"}],"about":[{"href":"https:\/\/mondemachines.com\/index.php\/wp-json\/wp\/v2\/types\/product"}],"replies":[{"embeddable":true,"href":"https:\/\/mondemachines.com\/index.php\/wp-json\/wp\/v2\/comments?post=6810"}],"wp:featuredmedia":[{"embeddable":true,"href":"https:\/\/mondemachines.com\/index.php\/wp-json\/wp\/v2\/media\/6945"}],"wp:attachment":[{"href":"https:\/\/mondemachines.com\/index.php\/wp-json\/wp\/v2\/media?parent=6810"}],"wp:term":[{"taxonomy":"product_brand","embeddable":true,"href":"https:\/\/mondemachines.com\/index.php\/wp-json\/wp\/v2\/product_brand?post=6810"},{"taxonomy":"product_cat","embeddable":true,"href":"https:\/\/mondemachines.com\/index.php\/wp-json\/wp\/v2\/product_cat?post=6810"},{"taxonomy":"product_tag","embeddable":true,"href":"https:\/\/mondemachines.com\/index.php\/wp-json\/wp\/v2\/product_tag?post=6810"}],"curies":[{"name":"wp","href":"https:\/\/api.w.org\/{rel}","templated":true}]}}