{"id":7685,"date":"2026-04-02T08:33:55","date_gmt":"2026-04-02T08:33:55","guid":{"rendered":"https:\/\/mondemachines.com\/?post_type=product&#038;p=7685"},"modified":"2026-04-15T10:31:50","modified_gmt":"2026-04-15T10:31:50","slug":"solis-s26-99-avec-chargeur-frontal-edition-limitee","status":"publish","type":"product","link":"https:\/\/mondemachines.com\/index.php\/product\/solis-s26-99-avec-chargeur-frontal-edition-limitee\/","title":{"rendered":"SOLIS S26 (9+9) avec chargeur frontal (\u00e9dition limit\u00e9e)"},"content":{"rendered":"<h3><b>SOLIS S26 (9+9) avec chargeur frontal (\u00e9dition limit\u00e9e)<\/b><\/h3>\n<ul>\n<li>Moteur &#8211; Mitsubishi S3L2,4 ;<\/li>\n<li>Puissance du moteur &#8211; 18,2 kW ;<\/li>\n<li>Nombre de cylindres &#8211; 3 ;<\/li>\n<li>Cylindr\u00e9e &#8211; 1318 (cm3) ;<\/li>\n<li>Couple max. &#8211; 75,2 (Nm) \u00e0 2200 tr\/min ;<\/li>\n<li>4 roues motrices ;<\/li>\n<li>Embrayage &#8211; \u00e0 sec, monodisque ;<\/li>\n<li>Marche arri\u00e8re ;<\/li>\n<li>Rapports &#8211; 9 avant + 9 arri\u00e8re ;<\/li>\n<li>Blocage de diff\u00e9rentiel &#8211; m\u00e9canique ;<\/li>\n<li>Vitesse minimale (km\/h) &#8211; 1,53 ;<\/li>\n<li>Vitesse maximale (km\/h) &#8211; 17,05 ;<\/li>\n<li>Capacit\u00e9 de levage (barre de traction arri\u00e8re) &#8211; 600 kg ;<\/li>\n<li>Freins &#8211; \u00e0 disques \u00e0 bain d&#8217;huile ;<\/li>\n<li>Frein manuel ;<\/li>\n<li>Capacit\u00e9 de levage du chargeur frontal &#8211; 250 kg ;<\/li>\n<li>Maintien du niveau du godet ;<\/li>\n<li>Fabricant du chargeur &#8211; Hydramet ;<\/li>\n<li>Pays de fabrication &#8211; Inde ;<\/li>\n<li>Garantie 36 mois.<\/li>\n<\/ul>\n<p><b><strong>Le tracteur est neuf, non utilis\u00e9 et conforme aux exigences de l&#8217;UE et de la LR.<\/strong><\/b><\/p>\n","protected":false},"excerpt":{"rendered":"<ul>\n<li>Moteur &#8211; Mitsubishi S3L2,4 ;<\/li>\n<li>Puissance du moteur &#8211; 18,2 kW ;<\/li>\n<li>Nombre de cylindres &#8211; 3 ;<\/li>\n<li>Cylindr\u00e9e &#8211; 1318 (cm3) ;<\/li>\n<li>Couple max. &#8211; 75,2 (Nm) \u00e0 2200 tr\/min ;<\/li>\n<li>4 roues motrices ;<\/li>\n<li>Embrayage &#8211; \u00e0 sec, monodisque ;<\/li>\n<li>Marche arri\u00e8re ;<\/li>\n<\/ul>\n","protected":false},"featured_media":7996,"comment_status":"closed","ping_status":"closed","template":"","meta":{"_monsterinsights_skip_tracking":false,"_monsterinsights_sitenote_active":false,"_monsterinsights_sitenote_note":"","_monsterinsights_sitenote_category":0},"product_brand":[303],"product_cat":[298,304],"product_tag":[],"class_list":{"0":"post-7685","1":"product","2":"type-product","3":"status-publish","4":"has-post-thumbnail","6":"product_brand-solis","7":"product_cat-machines","8":"product_cat-mini-tracteurs","10":"first","11":"instock","12":"shipping-taxable","13":"purchasable","14":"product-type-simple"},"aioseo_notices":[],"_links":{"self":[{"href":"https:\/\/mondemachines.com\/index.php\/wp-json\/wp\/v2\/product\/7685","targetHints":{"allow":["GET"]}}],"collection":[{"href":"https:\/\/mondemachines.com\/index.php\/wp-json\/wp\/v2\/product"}],"about":[{"href":"https:\/\/mondemachines.com\/index.php\/wp-json\/wp\/v2\/types\/product"}],"replies":[{"embeddable":true,"href":"https:\/\/mondemachines.com\/index.php\/wp-json\/wp\/v2\/comments?post=7685"}],"wp:featuredmedia":[{"embeddable":true,"href":"https:\/\/mondemachines.com\/index.php\/wp-json\/wp\/v2\/media\/7996"}],"wp:attachment":[{"href":"https:\/\/mondemachines.com\/index.php\/wp-json\/wp\/v2\/media?parent=7685"}],"wp:term":[{"taxonomy":"product_brand","embeddable":true,"href":"https:\/\/mondemachines.com\/index.php\/wp-json\/wp\/v2\/product_brand?post=7685"},{"taxonomy":"product_cat","embeddable":true,"href":"https:\/\/mondemachines.com\/index.php\/wp-json\/wp\/v2\/product_cat?post=7685"},{"taxonomy":"product_tag","embeddable":true,"href":"https:\/\/mondemachines.com\/index.php\/wp-json\/wp\/v2\/product_tag?post=7685"}],"curies":[{"name":"wp","href":"https:\/\/api.w.org\/{rel}","templated":true}]}}