{"id":8107,"date":"2026-04-02T09:12:01","date_gmt":"2026-04-02T09:12:01","guid":{"rendered":"https:\/\/mondemachines.com\/?post_type=product&#038;p=8107"},"modified":"2026-04-15T10:31:50","modified_gmt":"2026-04-15T10:31:50","slug":"solis-h-26-4x4-245-cv-gazon","status":"publish","type":"product","link":"https:\/\/mondemachines.com\/index.php\/product\/solis-h-26-4x4-245-cv-gazon\/","title":{"rendered":"Solis H 26 4&#215;4 &#8211; 24,5 CV + GAZON"},"content":{"rendered":"<p><strong>ITL<\/strong>\u00a0(Internationale Tractor Limited), fabricant de tracteurs de la marque\u00a0<strong>SOLIS<\/strong>\u00a0, est l&#8217;un des plus importants fabricants de mat\u00e9riel agricole en Inde.\u00a0<strong>L&#8217;entreprise, fond\u00e9e en 1995,<\/strong>\u00a0a rapidement conquis une grande partie du march\u00e9 local (environ 14 %) et est devenue en 20 ans l&#8217;un des principaux exportateurs indiens de mini-tracteurs et de tracteurs.\u00a0<strong>300 000 tracteurs vendus annuellement<\/strong>\u00a0, plus de\u00a0<strong>5 000 employ\u00e9s<\/strong>\u00a0et environ 1 800 concessionnaires dans le monde, tout cela pour offrir aux clients\u00a0<strong>les meilleurs tracteurs<\/strong>\u00a0et mini-tracteurs de diff\u00e9rentes puissances (de 20 \u00e0 120 CV) et con\u00e7us pour diverses t\u00e2ches. Le nom des tracteurs\u00a0<strong>SOLIS<\/strong>\u00a0lui-m\u00eame vient du mot latin Solis, qui signifie soleil, qui, combin\u00e9 \u00e0 la couleur bleue (associ\u00e9e \u00e0 la stabilit\u00e9), fait que les machines correspondent parfaitement \u00e0 la vision de l&#8217;entreprise et \u00e0 la direction qu&#8217;elle prend depuis le d\u00e9but.<\/p>\n<h3>Une technologie moderne non seulement pour les professionnels<\/h3>\n<p><strong>La haute technologie<\/strong>\u00a0des tracteurs\u00a0<strong>SOLIS H SERIES<\/strong>\u00a0est le r\u00e9sultat d&#8217;investissements importants dans les\u00a0<strong>installations de recherche et d\u00e9veloppement<\/strong>\u00a0de l&#8217;entreprise et d&#8217;un syst\u00e8me de test moderne pour les machines fabriqu\u00e9es. La technologie moderne et les installations modernes rendent les tracteurs\u00a0<strong>SOLIS<\/strong>\u00a0de la s\u00e9rie\u00a0<b>H<\/b>\u00a0moins susceptibles de tomber en panne, et\u00a0<strong>le rendement \u00e9nerg\u00e9tique<\/strong>\u00a0est l&#8217;un des meilleurs du secteur des mini-tracteurs. Tous les tracteurs\u00a0<strong>SOLIS H<\/strong>\u00a0sont bas\u00e9s sur une technologie de production \u00e9lev\u00e9e, gr\u00e2ce \u00e0 laquelle l&#8217;entreprise a r\u00e9ussi \u00e0 r\u00e9duire le nombre de pannes au minimum, tout en respectant toutes les normes d&#8217;\u00e9missions de gaz d&#8217;\u00e9chappement et de s\u00e9curit\u00e9. Les tracteurs\u00a0<strong>SOLIS de la s\u00e9rie H<\/strong>\u00a0sont\u00a0<strong>des machines<\/strong>\u00a0tr\u00e8s\u00a0<strong>efficaces<\/strong>\u00a0et sont id\u00e9aux pour les petites exploitations agricoles.\u00a0<strong>Leur construction et leur fonctionnement intuitifs et simples<\/strong>\u00a0permettent au tracteur d&#8217;\u00eatre utilis\u00e9 par des utilisateurs amateurs moins avanc\u00e9s.\u00a0<strong>Le tracteur<\/strong>\u00a0peut \u00eatre utilis\u00e9 dans les entreprises municipales\u00a0<strong>pour d\u00e9neiger<\/strong>\u00a0ou entretenir des espaces verts.<\/p>\n<h2><strong>SOLIS H 24,5 CV &#8211; version avec bo\u00eete de vitesses hydrostatique<\/strong><\/h2>\n<p><a href=\"https:\/\/traktor.com.pl\/pl\/traktory\/10151-solis-h-26-4-x-4-245-km-ko%C5%82a-rolnicze.html\">Solis H 26<\/a>\u00a0est un mini tracteur d&#8217;une puissance de\u00a0<strong>24,5 CV<\/strong>\u00a0avec un moteur\u00a0<strong>Mitsubishi<\/strong>\u00a0<strong>3 cylindres<\/strong>\u00a0, transmission int\u00e9grale 4 x 4,\u00a0<strong>4 roues motrices<\/strong>\u00a0et direction assist\u00e9e.\u00a0<strong>Bo\u00eete de vitesses hydrostatique<\/strong>\u00a0\u00e0 deux plages de vitesse actionn\u00e9es par deux p\u00e9dales. Il existe \u00e9galement un arbre\u00a0<strong>PTO\/PTO<\/strong>\u00a0qui tourne \u00e0 deux vitesses\u00a0<strong>: 540 et 1000 tr\/min<\/strong>\u00a0. Le tracteur est \u00e9quip\u00e9 d&#8217;un relevage arri\u00e8re\u00a0<strong>trois points<\/strong>\u00a0<a href=\"https:\/\/traktor.com.pl\/pl\/akcesoria\/1231-99-zawiesie-tuz-kat-1-l.html#\/95-d%C5%82ugo%C5%9B%C4%87_ramion_lasz-0\">CAT I<\/a>\u00a0d&#8217;une capacit\u00e9 de\u00a0<strong>600 kg<\/strong>\u00a0, d&#8217;un tableau de bord moderne,\u00a0<strong>d&#8217;une barre de s\u00e9curit\u00e9<\/strong>\u00a0et d&#8217;un\u00a0<strong>capot moderne et tr\u00e8s design<\/strong>\u00a0. Le tracteur est \u00e9quip\u00e9 de\u00a0<strong>pneus de jardin<\/strong>\u00a0de dimensions\u00a0<b>23&#215;8,5-12<\/b>\u00a0\u00e0 l&#8217;avant et\u00a0<b>33&#215;15,5-16,5<\/b>\u00a0\u00e0 l&#8217;arri\u00e8re, et\u00a0<strong>le poids de la machine<\/strong>\u00a0avec de tels pneus est\u00a0<strong>de 1070 kg<\/strong>\u00a0, ce qui lui permet de tirer une charge de\u00a0<strong>1600 kg.<\/strong>\u00a0.<\/p>\n<div class=\"title\"><\/div>\n","protected":false},"excerpt":{"rendered":"<p><strong>ITL<\/strong>\u00a0(Internationale Tractor Limited), fabricant de tracteurs de la marque\u00a0<strong>SOLIS<\/strong>\u00a0, est l&#8217;un des plus importants fabricants de mat\u00e9riel agricole en Inde.\u00a0<strong>L&#8217;entreprise, fond\u00e9e en 1995,<\/strong>\u00a0a rapidement conquis une grande partie du march\u00e9 local (environ 14 %) et est devenue en 20 ans l&#8217;un des principaux exportateurs indiens de mini-tracteurs et de tracteurs.<\/p>\n","protected":false},"featured_media":8189,"comment_status":"closed","ping_status":"closed","template":"","meta":{"_monsterinsights_skip_tracking":false,"_monsterinsights_sitenote_active":false,"_monsterinsights_sitenote_note":"","_monsterinsights_sitenote_category":0},"product_brand":[307],"product_cat":[298,306],"product_tag":[],"class_list":{"0":"post-8107","1":"product","2":"type-product","3":"status-publish","4":"has-post-thumbnail","6":"product_brand-isolis","7":"product_cat-machines","8":"product_cat-tracteurs","10":"first","11":"instock","12":"sale","13":"shipping-taxable","14":"purchasable","15":"product-type-simple"},"aioseo_notices":[],"_links":{"self":[{"href":"https:\/\/mondemachines.com\/index.php\/wp-json\/wp\/v2\/product\/8107","targetHints":{"allow":["GET"]}}],"collection":[{"href":"https:\/\/mondemachines.com\/index.php\/wp-json\/wp\/v2\/product"}],"about":[{"href":"https:\/\/mondemachines.com\/index.php\/wp-json\/wp\/v2\/types\/product"}],"replies":[{"embeddable":true,"href":"https:\/\/mondemachines.com\/index.php\/wp-json\/wp\/v2\/comments?post=8107"}],"wp:featuredmedia":[{"embeddable":true,"href":"https:\/\/mondemachines.com\/index.php\/wp-json\/wp\/v2\/media\/8189"}],"wp:attachment":[{"href":"https:\/\/mondemachines.com\/index.php\/wp-json\/wp\/v2\/media?parent=8107"}],"wp:term":[{"taxonomy":"product_brand","embeddable":true,"href":"https:\/\/mondemachines.com\/index.php\/wp-json\/wp\/v2\/product_brand?post=8107"},{"taxonomy":"product_cat","embeddable":true,"href":"https:\/\/mondemachines.com\/index.php\/wp-json\/wp\/v2\/product_cat?post=8107"},{"taxonomy":"product_tag","embeddable":true,"href":"https:\/\/mondemachines.com\/index.php\/wp-json\/wp\/v2\/product_tag?post=8107"}],"curies":[{"name":"wp","href":"https:\/\/api.w.org\/{rel}","templated":true}]}}