{"id":8751,"date":"2026-04-02T10:12:46","date_gmt":"2026-04-02T10:12:46","guid":{"rendered":"https:\/\/mondemachines.com\/?post_type=product&#038;p=8751"},"modified":"2026-04-15T10:23:27","modified_gmt":"2026-04-15T10:23:27","slug":"bloc-sanitaire-pmr-neuf-avec-wc-douche-et-lavabo-pmr","status":"publish","type":"product","link":"https:\/\/mondemachines.com\/index.php\/product\/bloc-sanitaire-pmr-neuf-avec-wc-douche-et-lavabo-pmr\/","title":{"rendered":"Bloc Sanitaire PMR neuf avec WC, Douche et Lavabo PMR"},"content":{"rendered":"<h2>Bloc Sanitaire PMR WC Douche Standard Neuf<\/h2>\n<p>Nos blocs sanitaires PMR permettent de r\u00e9pondre aux besoins de mise en place de sanitaires PMR sur les chantiers, dans les entrep\u00f4ts, dans les restaurants, dans les campings ou dans les espaces publics. Ils s\u2019adressent \u00e0 tous les types d\u2019entit\u00e9s qui ont besoin de mettre en place rapidement des sanitaires adapt\u00e9s pour les personnes \u00e0 mobilit\u00e9 r\u00e9duite sur leur site\u00a0: collectivit\u00e9s, entreprises, associations.<\/p>\n<p>Le bloc sanitaire modulaire PMR permet de disposer de sanitaires PMR dans un d\u00e9lai tr\u00e8s rapide, pour un prix tr\u00e8s comp\u00e9titif, par rapport \u00e0 une solution de construction classique.<\/p>\n<p>Notre bloc sanitaire PMR WC Douche comprend\u00a0<strong>un lavabo PMR, un WC PMR et une douche PMR<\/strong>, avec un vasistas entreb\u00e2illant. Il est \u00e9quip\u00e9 d\u2019un plancher renforc\u00e9 en bois-ciment, ainsi que du soubassement renforc\u00e9 avec passage de fourches pour manipulation avec un chariot \u00e9l\u00e9vateur.<\/p>\n<p>Le\u00a0<strong>d\u00e9lai de livraison est de 8 semaines maximum \u00e0 date de commande pour ce module<\/strong>, car il est fabriqu\u00e9 sur commande. Ce module peut \u00eatre modifi\u00e9 et il existe aussi en configuration avec deux WC : Bloc sanitaire PMR 2 WC, ainsi qu\u2019en configuration avec seulement le WC : Bloc sanitaire PMR.<\/p>\n<p>Notre s\u00e9rie standard correspond \u00e0 notre premier niveau de finition : structure standard et isolation standard.<\/p>\n<p>Il est possible, si besoin, de r\u00e9aliser ce module dans nos s\u00e9ries \u201cRenforc\u00e9\u201d ou \u201cIsoplus\u201d. Dans ce cas, l\u2019isolation thermique et phonique sera plus performante, mais le d\u00e9lai de livraison sera plus long.<\/p>\n<p><strong>Nos sanitaires sont assembl\u00e9s en France.<\/strong><\/p>\n<hr \/>\n<h3>Descriptif Bloc Sanitaire neuf PMR WC Douche<\/h3>\n<p>Le bloc sanitaire PMR WC Douche est constitu\u00e9 d\u2019une ossature en acier galvanis\u00e9 et laqu\u00e9 couleur gris Clair RAL 9002.<\/p>\n<p>Le profil du toit est en acier galvanis\u00e9 laqu\u00e9 gris clair RAL 9002,\u00a0<strong>\u00e9paisseur 1,5 mm \u2013 hauteur 154 mm<\/strong>, avec 4 points d\u2019\u00e9lingage pour d\u00e9placement \u00e0 la grue.<\/p>\n<p>Les profils du soubassement sont en acier galvanis\u00e9 laqu\u00e9 couleur gris clair RAL 9002,\u00a0<strong>\u00e9paisseur 2mm \u2013 hauteur 160 mm<\/strong>, avec un passage de fourches pour manipulation avec un chariot \u00e9l\u00e9vateur \u00e9quip\u00e9 de fourche de 250cm.<\/p>\n<p>La toiture est en panneaux sandwich \u00e0 mousse rigide de polyur\u00e9thane,\u00a0<strong>\u00e9paisseur 30 mm<\/strong>, Euroclasse Cs3d0. La couverture de toiture est en acier galvanis\u00e9\u00a0ondul\u00e9, avec \u00e9vacuations des eaux pluviales sur les c\u00f4t\u00e9s.<\/p>\n<p>Les parois sont en panneaux sandwich \u00e0 mousse rigide de polyur\u00e9thane,\u00a0<strong>\u00e9paisseur 40 mm<\/strong>\u00a0(couleur gris clair RAL 9002), Euroclasse Cs3d0.<\/p>\n<p>Le plancher est en bois-ciment,<strong>\u00a0\u00e9paisseur 16 mm,<\/strong>\u00a0recouvert d\u2019un rev\u00eatement en PVC avec remont\u00e9es de 5cm en paroi.<\/p>\n<p>En options, vous pouvez ajouter une rampe PMR et\/ou un palier d\u2019acc\u00e8s PMR, qui sont en aluminium amend\u00e9.<\/p>\n<hr \/>\n<h3>Menuiseries en aluminium laqu\u00e9 blanc RAL 9010<\/h3>\n<p>Le sanitaire PMR WC Douche est \u00e9quip\u00e9 d\u2019une porte pleine dimensions 104 x 220 cm (90 cm de passage) avec serrure \u00e0 condamnation (sans cl\u00e9), poign\u00e9e clinique en aluminium et main courante.<\/p>\n<p>Il dispose aussi d\u2019un vasistas dimensions 104 x 58 cm barreaud\u00e9, simple vitrage moul\u00e9.<\/p>\n<hr \/>\n<h3>Equipement sanitaire raccordable<\/h3>\n<p>Le bloc sanitaire PMR WC Douche dispose d\u2019un WC \u00e0 l\u2019anglaise en c\u00e9ramique avec \u00e9quipement pour personnes \u00e0 mobilit\u00e9 r\u00e9duite, d\u2019un lavabo en c\u00e9ramique dimensions 60 x 51 cm avec robinet eau froide et levier clinique, ainsi que d\u2019une douche dimensions 90 x 90 cm, encaiss\u00e9e dans le plancher, avec \u00e9quipement pour personnes \u00e0 mobilit\u00e9 r\u00e9duite (les dimensions du si\u00e8ge sont de 47 x 45 cm).<\/p>\n<p>L\u2019arriv\u00e9e d\u2019eau est en paroi et les \u00e9vacuations sont raccord\u00e9es en 2 sorties (1 en paroi et 1 dans le soubassement : A \/ E \/ Ewl).<\/p>\n<hr \/>\n<h3>Installation \u00e9lectrique en 220 V<\/h3>\n<p>Notre bloc Sanitaire PMR WC Douche est \u00e9quip\u00e9 d\u2019un interrupteur, d\u2019un plafonnier LED, d\u2019un convecteur 1000 watts, d\u2019un chauffe-eau \u00e9lectrique 50 litres, d\u2019un bloc de secours au-dessus de la porte, d\u2019un tableau \u00e9lectrique incluant inter-diff\u00e9rentiel et disjoncteurs (6 KW maximum) et d\u2019une bo\u00eete ext\u00e9rieure de raccordement.<\/p>\n<hr \/>\n<h3>Caract\u00e9ristiques techniques<\/h3>\n<h4>DIMENSIONS<\/h4>\n<ul>\n<li>Hauteur ext\u00e9rieure : 247 cm<\/li>\n<li>Hauteur int\u00e9rieure : 220 cm<\/li>\n<li>Largeur : 242 cm<\/li>\n<li>Profondeur : 242 cm<\/li>\n<\/ul>\n<hr \/>\n<h4>OSSATURE<\/h4>\n<ul>\n<li>Mati\u00e8re : Acier galvanis\u00e9 et laqu\u00e9<\/li>\n<li>Couleur : Gris clair RAL 9002<\/li>\n<li>\u00c9paisseur : 1,5 mm<\/li>\n<li>Soubassement : hauteur 160 mm, \u00e9paisseur 2 mm<\/li>\n<li>Toiture : hauteur 154 mm<\/li>\n<li>Manutention : 4 prises sur la toiture pour crochets de levage, passage de fourches dans le soubassement pour manipulation avec un chariot \u00e9l\u00e9vateur \u00e9quip\u00e9 de fourches de 250cm<\/li>\n<\/ul>\n<hr \/>\n<h4>MENUISERIES<\/h4>\n<ul>\n<li>Mati\u00e8re : Aluminium laqu\u00e9 blanc RAL 9010<\/li>\n<li>Porte(s) : 1 porte pleine dim. 104 x 220 cm (90 cm de passage) avec serrure \u00e0 condamnation (sans cl\u00e9), poign\u00e9e clinique en aluminium et main courante<\/li>\n<li>Fen\u00eatre(s) : 1 vasistas dim. 104 x 58 cm barreaud\u00e9, simple vitrage moul\u00e9<\/li>\n<\/ul>\n<hr \/>\n<h4>PAROIS, CLOISONS ET TOITURE<\/h4>\n<ul>\n<li>Mati\u00e8re : Panneaux sandwich<\/li>\n<li>Isolation : Mousse rigide de polyur\u00e9thane<\/li>\n<li>\u00c9paisseur Parois : 40 mm<\/li>\n<li>\u00c9paisseur Toiture : 30 mm<\/li>\n<li>Couverture Toiture : T\u00f4le d\u2019acier galvanis\u00e9 Ondes grecques<\/li>\n<li>Couleur parois : Gris clair RAL 9002<\/li>\n<\/ul>\n<hr \/>\n<h4>PLANCHER<\/h4>\n<ul>\n<li>Structure : Panneaux de bois-ciment<\/li>\n<li>\u00c9paisseur : 16 mm<\/li>\n<li>Rev\u00eatement : PVC avec remont\u00e9e de 5cm en paroi<\/li>\n<\/ul>\n<hr \/>\n<h4>INSTALLATION SANITAIRE<\/h4>\n<ul>\n<li>1 douche dim. 90 x 90 cm encaiss\u00e9e dans le plancher avec \u00e9quipement pour personnes \u00e0 mobilit\u00e9 r\u00e9duite (les dimensions du si\u00e8ge sont 47 x 45 cm)<\/li>\n<li>1 WC \u00e0 l\u2019anglaise en c\u00e9ramique avec \u00e9quipement pour personnes \u00e0 mobilit\u00e9 r\u00e9duite<\/li>\n<li>1 lavabo en c\u00e9ramique dim. 60 x 51 cm avec robinet eau froide\/chaude et levier Clinique<\/li>\n<li>Arriv\u00e9e d\u2019eau en paroi et \u00e9vacuations en 2 sorties (1 en paroi et 1 dans le soubassement : A \/ E \/ Ewl)<\/li>\n<\/ul>\n<hr \/>\n<h4>\u00c9LECTRICIT\u00c9<\/h4>\n<ul>\n<li>\u00c9clairage : 1 interrupteur + 1 plafonnier LED 7,5 w<\/li>\n<li>Chauffage : 1 convecteur 1000 W<\/li>\n<li>Eau chaude : 1 chauffe-eau \u00e9lectrique 50 L<\/li>\n<li>S\u00e9curit\u00e9 : 1 bloc de secours au-dessus de la porte<\/li>\n<li>Tableau : 1 tableau incluant inter-diff\u00e9rentiel et disjoncteurs<\/li>\n<li>Raccordement : 1 bo\u00eete ext\u00e9rieure de raccordement<\/li>\n<\/ul>\n<hr \/>\n<h4>Options possibles<\/h4>\n<ul>\n<li>Palier d\u2019acc\u00e8s en aluminium amend\u00e9 dim. 120 x 242 cm avec pieds r\u00e9glables<\/li>\n<li>Rampe d\u2019acc\u00e8s en aluminium amend\u00e9 dim. 120 x 200 cm<\/li>\n<li>Double vitrage<\/li>\n<li>Soubassement sur skids (2 poutrelles ipe 16 cm)<\/li>\n<li>4 descentes d\u2019eau pluviale<\/li>\n<li>Rev\u00eatement de sol en PVC passage intensif \u00e0 la place du standard, PVC imitation parquet ou sol en carrelage<\/li>\n<li>Panneaux lisses, panneaux alimentaires, panneaux coupe-feu ou panneaux laine de roche<\/li>\n<li>Prises de courant<\/li>\n<li>Extracteur d\u2019air 90m3\/h avec interrupteur<\/li>\n<\/ul>\n","protected":false},"excerpt":{"rendered":"<p>Nos blocs sanitaires PMR permettent de r\u00e9pondre aux besoins de mise en place de sanitaires PMR sur les chantiers, dans les entrep\u00f4ts, dans les restaurants, dans les campings ou dans les espaces publics. Ils s\u2019adressent \u00e0 tous les types d\u2019entit\u00e9s qui ont besoin de mettre en place rapidement des sanitaires adapt\u00e9s pour les personnes \u00e0 mobilit\u00e9 r\u00e9duite sur leur site\u00a0: collectivit\u00e9s, entreprises, associations.<\/p>\n","protected":false},"featured_media":8800,"comment_status":"closed","ping_status":"closed","template":"","meta":{"_monsterinsights_skip_tracking":false,"_monsterinsights_sitenote_active":false,"_monsterinsights_sitenote_note":"","_monsterinsights_sitenote_category":0},"product_brand":[],"product_cat":[314,315],"product_tag":[],"class_list":{"0":"post-8751","1":"product","2":"type-product","3":"status-publish","4":"has-post-thumbnail","6":"product_cat-conteneurs-modulaires","7":"product_cat-conteneurs-sanitaires","9":"first","10":"instock","11":"shipping-taxable","12":"purchasable","13":"product-type-simple"},"aioseo_notices":[],"_links":{"self":[{"href":"https:\/\/mondemachines.com\/index.php\/wp-json\/wp\/v2\/product\/8751","targetHints":{"allow":["GET"]}}],"collection":[{"href":"https:\/\/mondemachines.com\/index.php\/wp-json\/wp\/v2\/product"}],"about":[{"href":"https:\/\/mondemachines.com\/index.php\/wp-json\/wp\/v2\/types\/product"}],"replies":[{"embeddable":true,"href":"https:\/\/mondemachines.com\/index.php\/wp-json\/wp\/v2\/comments?post=8751"}],"wp:featuredmedia":[{"embeddable":true,"href":"https:\/\/mondemachines.com\/index.php\/wp-json\/wp\/v2\/media\/8800"}],"wp:attachment":[{"href":"https:\/\/mondemachines.com\/index.php\/wp-json\/wp\/v2\/media?parent=8751"}],"wp:term":[{"taxonomy":"product_brand","embeddable":true,"href":"https:\/\/mondemachines.com\/index.php\/wp-json\/wp\/v2\/product_brand?post=8751"},{"taxonomy":"product_cat","embeddable":true,"href":"https:\/\/mondemachines.com\/index.php\/wp-json\/wp\/v2\/product_cat?post=8751"},{"taxonomy":"product_tag","embeddable":true,"href":"https:\/\/mondemachines.com\/index.php\/wp-json\/wp\/v2\/product_tag?post=8751"}],"curies":[{"name":"wp","href":"https:\/\/api.w.org\/{rel}","templated":true}]}}