{"id":8958,"date":"2026-04-03T06:57:03","date_gmt":"2026-04-03T06:57:03","guid":{"rendered":"https:\/\/mondemachines.com\/?post_type=product&#038;p=8958"},"modified":"2026-04-15T10:25:54","modified_gmt":"2026-04-15T10:25:54","slug":"conteneur-de-bureau-standard-avec-une-fenetre","status":"publish","type":"product","link":"https:\/\/mondemachines.com\/index.php\/product\/conteneur-de-bureau-standard-avec-une-fenetre\/","title":{"rendered":"Conteneur de bureau Standard avec une fen\u00eatre"},"content":{"rendered":"<p>Couleur du cadre : gris anthracite<br \/>\nCouleur des panneaux : blanc<br \/>\nLongueur : 6 000 mm<br \/>\nLargeur : 2 430 mm<br \/>\nHauteur : 2 791 mm<br \/>\nTrous pour chariot \u00e9l\u00e9vateur : oui<br \/>\nToit : mousse PU de 70 mm<br \/>\nPanneau mural ext\u00e9rieur : laine de roche de 50 mm<br \/>\nSol : sol en PVC de 1,8 mm\/2,0 mm avec panneau structurel imperm\u00e9able de 18 mm<br \/>\nPortes ext\u00e9rieures : porte en acier de 920 x 2035 mm (1)<br \/>\nPortes int\u00e9rieures : porte en acier de 700 x 2000 mm (1)<br \/>\nFen\u00eatres : fen\u00eatre coulissante en PVC de 940 x 1330 mm avec volet roulant (3)<\/p>\n<p><strong>Cette unit\u00e9 est en stock et disponible \u00e0 l&#8217;achat d\u00e8s maintenant !<\/strong><br \/>\nNous fabriquons \u00e9galement sur commande, alors contactez-nous d\u00e8s aujourd&#8217;hui pour discuter de vos besoins et nous pourrons concevoir et fabriquer une unit\u00e9 qui r\u00e9pondra \u00e0 vos besoins.<\/p>\n","protected":false},"excerpt":{"rendered":"<p><strong>Cette unit\u00e9 est en stock et disponible \u00e0 l&#8217;achat d\u00e8s maintenant !<\/strong><br \/>\nNous fabriquons \u00e9galement sur commande, alors contactez-nous d\u00e8s aujourd&#8217;hui pour discuter de vos besoins et nous pourrons concevoir et fabriquer une unit\u00e9 qui r\u00e9pondra \u00e0 vos besoins.<\/p>\n","protected":false},"featured_media":9090,"comment_status":"closed","ping_status":"closed","template":"","meta":{"_monsterinsights_skip_tracking":false,"_monsterinsights_sitenote_active":false,"_monsterinsights_sitenote_note":"","_monsterinsights_sitenote_category":0},"product_brand":[],"product_cat":[317,314],"product_tag":[],"class_list":{"0":"post-8958","1":"product","2":"type-product","3":"status-publish","4":"has-post-thumbnail","6":"product_cat-conteneurs-bureaux","7":"product_cat-conteneurs-modulaires","9":"first","10":"instock","11":"shipping-taxable","12":"purchasable","13":"product-type-simple"},"aioseo_notices":[],"_links":{"self":[{"href":"https:\/\/mondemachines.com\/index.php\/wp-json\/wp\/v2\/product\/8958","targetHints":{"allow":["GET"]}}],"collection":[{"href":"https:\/\/mondemachines.com\/index.php\/wp-json\/wp\/v2\/product"}],"about":[{"href":"https:\/\/mondemachines.com\/index.php\/wp-json\/wp\/v2\/types\/product"}],"replies":[{"embeddable":true,"href":"https:\/\/mondemachines.com\/index.php\/wp-json\/wp\/v2\/comments?post=8958"}],"wp:featuredmedia":[{"embeddable":true,"href":"https:\/\/mondemachines.com\/index.php\/wp-json\/wp\/v2\/media\/9090"}],"wp:attachment":[{"href":"https:\/\/mondemachines.com\/index.php\/wp-json\/wp\/v2\/media?parent=8958"}],"wp:term":[{"taxonomy":"product_brand","embeddable":true,"href":"https:\/\/mondemachines.com\/index.php\/wp-json\/wp\/v2\/product_brand?post=8958"},{"taxonomy":"product_cat","embeddable":true,"href":"https:\/\/mondemachines.com\/index.php\/wp-json\/wp\/v2\/product_cat?post=8958"},{"taxonomy":"product_tag","embeddable":true,"href":"https:\/\/mondemachines.com\/index.php\/wp-json\/wp\/v2\/product_tag?post=8958"}],"curies":[{"name":"wp","href":"https:\/\/api.w.org\/{rel}","templated":true}]}}