{"id":8963,"date":"2026-04-03T06:57:03","date_gmt":"2026-04-03T06:57:03","guid":{"rendered":"https:\/\/mondemachines.com\/?post_type=product&#038;p=8963"},"modified":"2026-04-15T10:24:18","modified_gmt":"2026-04-15T10:24:18","slug":"bureau-standard-avec-toilettes-et-deux-fenetres","status":"publish","type":"product","link":"https:\/\/mondemachines.com\/index.php\/product\/bureau-standard-avec-toilettes-et-deux-fenetres\/","title":{"rendered":"Bureau standard avec toilettes et deux fen\u00eatres"},"content":{"rendered":"<p>Couleur du cadre : gris anthracite<br \/>\nCouleur des panneaux : blanc<br \/>\nLongueur : 6 000 mm<br \/>\nLargeur : 2 430 mm<br \/>\nHauteur : 2 591 mm<br \/>\nTrous pour chariot \u00e9l\u00e9vateur : oui<br \/>\nToit : mousse PU de 70 mm<br \/>\nPanneau mural ext\u00e9rieur : laine de roche de 50 mm<br \/>\nPlancher : plancher en PVC de 1,8 mm\/2,0 mm avec panneau structurel imperm\u00e9able de 18 mm<br \/>\nPortes ext\u00e9rieures : porte en acier de 920 x 2035 mm (1)<br \/>\nPortes int\u00e9rieures : porte en acier de 700 x 2000 mm (1)<br \/>\nFen\u00eatres : fen\u00eatre coulissante en PVC de 940 x 1330 mm avec volet roulant (3)<br \/>\nFen\u00eatre en PVC de 800 x 550 mm avec moustiquaire (1)<br \/>\nD\u00e9tails suppl\u00e9mentaires<br \/>\nToilettes :<br \/>\n1 x toilettes<br \/>\n1 x lavabo<\/p>\n","protected":false},"excerpt":{"rendered":"<p>Couleur du cadre : gris anthracite Couleur des panneaux : blanc Longueur : 6 000 mm Largeur : 2 430 mm Hauteur : 2 591 mm Trous pour chariot \u00e9l\u00e9vateur : oui Toit : mousse PU de 70 mm Panneau mural ext\u00e9rieur : laine de roche de 50 mm Plancher : plancher en PVC de [&hellip;]<\/p>\n","protected":false},"featured_media":9171,"comment_status":"closed","ping_status":"closed","template":"","meta":{"_monsterinsights_skip_tracking":false,"_monsterinsights_sitenote_active":false,"_monsterinsights_sitenote_note":"","_monsterinsights_sitenote_category":0},"product_brand":[],"product_cat":[317,314],"product_tag":[],"class_list":{"0":"post-8963","1":"product","2":"type-product","3":"status-publish","4":"has-post-thumbnail","6":"product_cat-conteneurs-bureaux","7":"product_cat-conteneurs-modulaires","9":"first","10":"instock","11":"shipping-taxable","12":"purchasable","13":"product-type-simple"},"aioseo_notices":[],"_links":{"self":[{"href":"https:\/\/mondemachines.com\/index.php\/wp-json\/wp\/v2\/product\/8963","targetHints":{"allow":["GET"]}}],"collection":[{"href":"https:\/\/mondemachines.com\/index.php\/wp-json\/wp\/v2\/product"}],"about":[{"href":"https:\/\/mondemachines.com\/index.php\/wp-json\/wp\/v2\/types\/product"}],"replies":[{"embeddable":true,"href":"https:\/\/mondemachines.com\/index.php\/wp-json\/wp\/v2\/comments?post=8963"}],"wp:featuredmedia":[{"embeddable":true,"href":"https:\/\/mondemachines.com\/index.php\/wp-json\/wp\/v2\/media\/9171"}],"wp:attachment":[{"href":"https:\/\/mondemachines.com\/index.php\/wp-json\/wp\/v2\/media?parent=8963"}],"wp:term":[{"taxonomy":"product_brand","embeddable":true,"href":"https:\/\/mondemachines.com\/index.php\/wp-json\/wp\/v2\/product_brand?post=8963"},{"taxonomy":"product_cat","embeddable":true,"href":"https:\/\/mondemachines.com\/index.php\/wp-json\/wp\/v2\/product_cat?post=8963"},{"taxonomy":"product_tag","embeddable":true,"href":"https:\/\/mondemachines.com\/index.php\/wp-json\/wp\/v2\/product_tag?post=8963"}],"curies":[{"name":"wp","href":"https:\/\/api.w.org\/{rel}","templated":true}]}}